{"id":4618,"date":"2024-09-17T12:24:31","date_gmt":"2024-09-17T12:24:31","guid":{"rendered":"https:\/\/dignita.ro\/?post_type=product&#038;p=4618"},"modified":"2025-02-22T14:50:40","modified_gmt":"2025-02-22T14:50:40","slug":"husa-biblie-piele-neagra-large","status":"publish","type":"product","link":"https:\/\/dignita.ro\/ro\/produs\/husa-biblie-piele-neagra-large\/","title":{"rendered":"Hus\u0103 Biblie Piele Neagr\u0103 &#8211; Large"},"content":{"rendered":"<p>Husa pentru Biblie Divinity este realizat\u0103 din piele natural\u0103 neagr\u0103. Este prev\u0103zut\u0103 cu dou\u0103 buzunare interioare, suport pentru instrumente de scris \u0219i cu un semn de carte cusut. Semnul de carte din panglic\u0103 cusut \u00een interior are scris versetul din Iosua 1:8.<\/p>\n","protected":false},"excerpt":{"rendered":"<p>Husa pentru Biblie din piele natural\u0103 neagr\u0103, are dou\u0103 buzunare interioare, un suport pentru instrumente de scris \u0219i un semn de carte cusut din panglic\u0103 pe care este scris versetul din Iosua 1:8.<\/p>\n","protected":false},"featured_media":4633,"comment_status":"open","ping_status":"closed","template":"","meta":{"_seopress_robots_primary_cat":"none","_seopress_titles_title":"","_seopress_titles_desc":"","_seopress_robots_index":""},"product_brand":[],"product_cat":[86],"product_tag":[],"class_list":{"0":"post-4618","1":"product","2":"type-product","3":"status-publish","4":"has-post-thumbnail","6":"product_cat-huse-biblii","7":"post-wrapper","8":"thrv_wrapper","10":"first","11":"instock","12":"shipping-taxable","13":"purchasable","14":"product-type-simple"},"_links":{"self":[{"href":"https:\/\/dignita.ro\/ro\/wp-json\/wp\/v2\/product\/4618","targetHints":{"allow":["GET"]}}],"collection":[{"href":"https:\/\/dignita.ro\/ro\/wp-json\/wp\/v2\/product"}],"about":[{"href":"https:\/\/dignita.ro\/ro\/wp-json\/wp\/v2\/types\/product"}],"replies":[{"embeddable":true,"href":"https:\/\/dignita.ro\/ro\/wp-json\/wp\/v2\/comments?post=4618"}],"wp:featuredmedia":[{"embeddable":true,"href":"https:\/\/dignita.ro\/ro\/wp-json\/wp\/v2\/media\/4633"}],"wp:attachment":[{"href":"https:\/\/dignita.ro\/ro\/wp-json\/wp\/v2\/media?parent=4618"}],"wp:term":[{"taxonomy":"product_brand","embeddable":true,"href":"https:\/\/dignita.ro\/ro\/wp-json\/wp\/v2\/product_brand?post=4618"},{"taxonomy":"product_cat","embeddable":true,"href":"https:\/\/dignita.ro\/ro\/wp-json\/wp\/v2\/product_cat?post=4618"},{"taxonomy":"product_tag","embeddable":true,"href":"https:\/\/dignita.ro\/ro\/wp-json\/wp\/v2\/product_tag?post=4618"}],"curies":[{"name":"wp","href":"https:\/\/api.w.org\/{rel}","templated":true}]}}