{"id":4607,"date":"2024-09-17T12:16:03","date_gmt":"2024-09-17T12:16:03","guid":{"rendered":"https:\/\/dignita.ro\/?post_type=product&#038;p=4607"},"modified":"2025-02-22T14:51:22","modified_gmt":"2025-02-22T14:51:22","slug":"husa-biblie-jeremiah-2911-large","status":"publish","type":"product","link":"https:\/\/dignita.ro\/ro\/produs\/husa-biblie-jeremiah-2911-large\/","title":{"rendered":"Hus\u0103 Biblie Jeremiah 29:11 &#8211; Large"},"content":{"rendered":"<p>Husa pentru Biblie este realizat\u0103 din material textil rezistent cu trimitere biblic\u0103. Este prev\u0103zut\u0103 cu fermoar, m\u00e2ner \u0219i cu un buzunar exterior de depozitare. Mesaj: Jeremiah 29:11<\/p>\n","protected":false},"excerpt":{"rendered":"<p>Husa pentru Biblie realizat din material rezistent cu trimitere biblic\u0103 (Jeremiah 29:11), are fermoar, m\u00e2ner \u0219i un buzunar exterior de depozitare.<\/p>\n","protected":false},"featured_media":5581,"comment_status":"open","ping_status":"closed","template":"","meta":{"_seopress_robots_primary_cat":"none","_seopress_titles_title":"","_seopress_titles_desc":"","_seopress_robots_index":""},"product_brand":[],"product_cat":[86],"product_tag":[],"class_list":{"0":"post-4607","1":"product","2":"type-product","3":"status-publish","4":"has-post-thumbnail","6":"product_cat-huse-biblii","7":"post-wrapper","8":"thrv_wrapper","10":"first","11":"instock","12":"shipping-taxable","13":"purchasable","14":"product-type-simple"},"_links":{"self":[{"href":"https:\/\/dignita.ro\/ro\/wp-json\/wp\/v2\/product\/4607","targetHints":{"allow":["GET"]}}],"collection":[{"href":"https:\/\/dignita.ro\/ro\/wp-json\/wp\/v2\/product"}],"about":[{"href":"https:\/\/dignita.ro\/ro\/wp-json\/wp\/v2\/types\/product"}],"replies":[{"embeddable":true,"href":"https:\/\/dignita.ro\/ro\/wp-json\/wp\/v2\/comments?post=4607"}],"wp:featuredmedia":[{"embeddable":true,"href":"https:\/\/dignita.ro\/ro\/wp-json\/wp\/v2\/media\/5581"}],"wp:attachment":[{"href":"https:\/\/dignita.ro\/ro\/wp-json\/wp\/v2\/media?parent=4607"}],"wp:term":[{"taxonomy":"product_brand","embeddable":true,"href":"https:\/\/dignita.ro\/ro\/wp-json\/wp\/v2\/product_brand?post=4607"},{"taxonomy":"product_cat","embeddable":true,"href":"https:\/\/dignita.ro\/ro\/wp-json\/wp\/v2\/product_cat?post=4607"},{"taxonomy":"product_tag","embeddable":true,"href":"https:\/\/dignita.ro\/ro\/wp-json\/wp\/v2\/product_tag?post=4607"}],"curies":[{"name":"wp","href":"https:\/\/api.w.org\/{rel}","templated":true}]}}