{"id":448,"date":"2024-07-29T16:03:33","date_gmt":"2024-07-29T16:03:33","guid":{"rendered":"https:\/\/dignita.ro\/?post_type=product&#038;p=448"},"modified":"2025-04-18T15:08:15","modified_gmt":"2025-04-18T15:08:15","slug":"husa-biblie-trust-large","status":"publish","type":"product","link":"https:\/\/dignita.ro\/ro\/produs\/husa-biblie-trust-large\/","title":{"rendered":"Hus\u0103 Biblie &#8222;Trust&#8221; Large"},"content":{"rendered":"<p>Husa pentru Biblie Mare &#8222;Trust&#8221; are aspectul unei po\u0219ete. Florile imprimate pe partea frontal\u0103 \u0219i versetul din Matthew 6:28 inscrip\u021bionat pe spate \u00eenfrumuse\u021beaz\u0103 aceast\u0103 hus\u0103. Este realizat\u0103 dintr-un material rezistent ce implic\u0103 cus\u0103turi \u00eent\u0103rite. Mai mult de at\u00e2t, husa include: 2 fermoare rezistente, gravate, pe ambele sensuri, un buzunar interior, un buzunar pe partea din spate a husei \u0219i un spa\u021biu destinat instrumentului de scris.<\/p>\n","protected":false},"excerpt":{"rendered":"<p>Husa pentru Biblie Mare &#8222;Trust&#8221; are aspectul unei po\u0219ete, cu flori imprimate pe partea frontal\u0103 \u0219i versetul din Matthew 6:28 inscrip\u021bionat pe spate.\u00a0 Este realizat\u0103 dintr-un material rezistent, 2 fermoare gravate pe ambele sensuri, un buzunar interior, un buzunar pe partea din spate a husei \u0219i un spa\u021biu destinat instrumentului de scris.<\/p>\n","protected":false},"featured_media":5795,"comment_status":"open","ping_status":"closed","template":"","meta":{"_seopress_robots_primary_cat":"none","_seopress_titles_title":"","_seopress_titles_desc":"","_seopress_robots_index":""},"product_brand":[],"product_cat":[86],"product_tag":[],"class_list":{"0":"post-448","1":"product","2":"type-product","3":"status-publish","4":"has-post-thumbnail","6":"product_cat-huse-biblii","7":"post-wrapper","8":"thrv_wrapper","10":"first","11":"instock","12":"featured","13":"shipping-taxable","14":"purchasable","15":"product-type-simple"},"_links":{"self":[{"href":"https:\/\/dignita.ro\/ro\/wp-json\/wp\/v2\/product\/448","targetHints":{"allow":["GET"]}}],"collection":[{"href":"https:\/\/dignita.ro\/ro\/wp-json\/wp\/v2\/product"}],"about":[{"href":"https:\/\/dignita.ro\/ro\/wp-json\/wp\/v2\/types\/product"}],"replies":[{"embeddable":true,"href":"https:\/\/dignita.ro\/ro\/wp-json\/wp\/v2\/comments?post=448"}],"wp:featuredmedia":[{"embeddable":true,"href":"https:\/\/dignita.ro\/ro\/wp-json\/wp\/v2\/media\/5795"}],"wp:attachment":[{"href":"https:\/\/dignita.ro\/ro\/wp-json\/wp\/v2\/media?parent=448"}],"wp:term":[{"taxonomy":"product_brand","embeddable":true,"href":"https:\/\/dignita.ro\/ro\/wp-json\/wp\/v2\/product_brand?post=448"},{"taxonomy":"product_cat","embeddable":true,"href":"https:\/\/dignita.ro\/ro\/wp-json\/wp\/v2\/product_cat?post=448"},{"taxonomy":"product_tag","embeddable":true,"href":"https:\/\/dignita.ro\/ro\/wp-json\/wp\/v2\/product_tag?post=448"}],"curies":[{"name":"wp","href":"https:\/\/api.w.org\/{rel}","templated":true}]}}