{"id":444,"date":"2024-07-29T15:57:10","date_gmt":"2024-07-29T15:57:10","guid":{"rendered":"https:\/\/dignita.ro\/?post_type=product&#038;p=444"},"modified":"2025-02-09T13:28:22","modified_gmt":"2025-02-09T13:28:22","slug":"husa-biblie-large-model-hawaiian-negru","status":"publish","type":"product","link":"https:\/\/dignita.ro\/ro\/produs\/husa-biblie-large-model-hawaiian-negru\/","title":{"rendered":"Hus\u0103 Biblie Large Model Hawaiian Negru"},"content":{"rendered":"<p>Husa pentru Biblie Mare pentru femei este realizat\u0103 din material textil impermeabil de bun\u0103 calitate. Include un fermoar rezistent, un buzunar interior \u0219i un semn de carte cusut. Culoare: negru \u0219i alb<\/p>\n","protected":false},"excerpt":{"rendered":"<p>Husa pentru Biblie Mare pentru femei este din material impermeabil de bun\u0103 calitate, cu fermoar rezistent, un buzunar interior \u0219i un semn de carte cusut. Culoare: negru \u0219i alb<\/p>\n","protected":false},"featured_media":5791,"comment_status":"open","ping_status":"closed","template":"","meta":{"_seopress_robots_primary_cat":"none","_seopress_titles_title":"","_seopress_titles_desc":"","_seopress_robots_index":""},"product_brand":[],"product_cat":[86],"product_tag":[],"class_list":{"0":"post-444","1":"product","2":"type-product","3":"status-publish","4":"has-post-thumbnail","6":"product_cat-huse-biblii","7":"post-wrapper","8":"thrv_wrapper","10":"first","11":"instock","12":"shipping-taxable","13":"purchasable","14":"product-type-simple"},"_links":{"self":[{"href":"https:\/\/dignita.ro\/ro\/wp-json\/wp\/v2\/product\/444","targetHints":{"allow":["GET"]}}],"collection":[{"href":"https:\/\/dignita.ro\/ro\/wp-json\/wp\/v2\/product"}],"about":[{"href":"https:\/\/dignita.ro\/ro\/wp-json\/wp\/v2\/types\/product"}],"replies":[{"embeddable":true,"href":"https:\/\/dignita.ro\/ro\/wp-json\/wp\/v2\/comments?post=444"}],"wp:featuredmedia":[{"embeddable":true,"href":"https:\/\/dignita.ro\/ro\/wp-json\/wp\/v2\/media\/5791"}],"wp:attachment":[{"href":"https:\/\/dignita.ro\/ro\/wp-json\/wp\/v2\/media?parent=444"}],"wp:term":[{"taxonomy":"product_brand","embeddable":true,"href":"https:\/\/dignita.ro\/ro\/wp-json\/wp\/v2\/product_brand?post=444"},{"taxonomy":"product_cat","embeddable":true,"href":"https:\/\/dignita.ro\/ro\/wp-json\/wp\/v2\/product_cat?post=444"},{"taxonomy":"product_tag","embeddable":true,"href":"https:\/\/dignita.ro\/ro\/wp-json\/wp\/v2\/product_tag?post=444"}],"curies":[{"name":"wp","href":"https:\/\/api.w.org\/{rel}","templated":true}]}}