{"id":426,"date":"2024-07-29T15:48:04","date_gmt":"2024-07-29T15:48:04","guid":{"rendered":"https:\/\/dignita.ro\/?post_type=product&#038;p=426"},"modified":"2025-02-09T13:24:39","modified_gmt":"2025-02-09T13:24:39","slug":"husa-biblie-mov-negru-amazing-grace-medium","status":"publish","type":"product","link":"https:\/\/dignita.ro\/ro\/produs\/husa-biblie-mov-negru-amazing-grace-medium\/","title":{"rendered":"Hus\u0103 Biblie Mov\/Negru &#8222;Amazing Grace&#8221; Medium"},"content":{"rendered":"<p>Husa pentru Biblie Medie \u00een stil po\u0219et\u0103 cu imprimeu textil mov este accesorizat\u0103 cu un medalion pe care este gravat\u0103 o cruce \u0219i mesajul Amazing Grace. Husa are m\u00e2nere rezistente, \u00eent\u0103rite prin cus\u0103turi, fermoare laterale de pe-o parte pe alta. \u00cen interior se afl\u0103 un buzunar din plas\u0103 cu fermoar pentru instrumente de scris sau organizatoare. Reprezint\u0103 un accesoriu chic pentru femeia cre\u0219tin\u0103.<\/p>\n","protected":false},"excerpt":{"rendered":"<p>Husa pentru Biblie Medie \u00een stil po\u0219et\u0103 cu imprimeu mov este accesorizat\u0103 cu un medalion pe care este gravat\u0103 o cruce \u0219i mesajul Amazing Grace. Husa are m\u00e2nere rezistente, fermoare laterale, \u00een interior este un buzunar din plas\u0103 cu fermoar pentru instrumente de scris sau organizatoare.<\/p>\n","protected":false},"featured_media":5749,"comment_status":"open","ping_status":"closed","template":"","meta":{"_seopress_robots_primary_cat":"none","_seopress_titles_title":"","_seopress_titles_desc":"","_seopress_robots_index":""},"product_brand":[],"product_cat":[86],"product_tag":[],"class_list":{"0":"post-426","1":"product","2":"type-product","3":"status-publish","4":"has-post-thumbnail","6":"product_cat-huse-biblii","7":"post-wrapper","8":"thrv_wrapper","10":"first","11":"instock","12":"shipping-taxable","13":"purchasable","14":"product-type-simple"},"_links":{"self":[{"href":"https:\/\/dignita.ro\/ro\/wp-json\/wp\/v2\/product\/426","targetHints":{"allow":["GET"]}}],"collection":[{"href":"https:\/\/dignita.ro\/ro\/wp-json\/wp\/v2\/product"}],"about":[{"href":"https:\/\/dignita.ro\/ro\/wp-json\/wp\/v2\/types\/product"}],"replies":[{"embeddable":true,"href":"https:\/\/dignita.ro\/ro\/wp-json\/wp\/v2\/comments?post=426"}],"wp:featuredmedia":[{"embeddable":true,"href":"https:\/\/dignita.ro\/ro\/wp-json\/wp\/v2\/media\/5749"}],"wp:attachment":[{"href":"https:\/\/dignita.ro\/ro\/wp-json\/wp\/v2\/media?parent=426"}],"wp:term":[{"taxonomy":"product_brand","embeddable":true,"href":"https:\/\/dignita.ro\/ro\/wp-json\/wp\/v2\/product_brand?post=426"},{"taxonomy":"product_cat","embeddable":true,"href":"https:\/\/dignita.ro\/ro\/wp-json\/wp\/v2\/product_cat?post=426"},{"taxonomy":"product_tag","embeddable":true,"href":"https:\/\/dignita.ro\/ro\/wp-json\/wp\/v2\/product_tag?post=426"}],"curies":[{"name":"wp","href":"https:\/\/api.w.org\/{rel}","templated":true}]}}