{"id":2685,"date":"2024-08-19T13:51:02","date_gmt":"2024-08-19T13:51:02","guid":{"rendered":"https:\/\/dignita.ro\/?post_type=product&#038;p=2685"},"modified":"2025-04-12T16:48:07","modified_gmt":"2025-04-12T16:48:07","slug":"bratara-elastica-salvation","status":"publish","type":"product","link":"https:\/\/dignita.ro\/ro\/produs\/bratara-elastica-salvation\/","title":{"rendered":"Br\u0103\u021bar\u0103 elastic\u0103 &#8211; Salvation"},"content":{"rendered":"<p>Aceast\u0103 br\u0103\u021bar\u0103 reprezint\u0103 un instrument prin care putem \u00eemp\u0103rt\u0103\u0219i mesajul Evangheliei celor mici. Sunt o unealt\u0103 extraordinar\u0103 pentru \u0219coala duminical\u0103 sau pentru taberele destinate copiiilor. Br\u0103\u021bara reprezint\u0103 culorile credin\u021bei.<\/p>\n<p>Fiecare dintre cele 6 culori au o semnifica\u021bie.<\/p>\n<p>Ro\u0219u=s\u00e2ngele lui Isus, Negru=p\u0103cat, Albastru=poc\u0103in\u021b\u0103, Alb=puritate, Verde=cre\u0219tere spiritual\u0103, Galben=cer.<\/p>\n<p>Material: silicon<\/p>\n","protected":false},"excerpt":{"rendered":"<p>Aceast\u0103 br\u0103\u021bar\u0103 reprezint\u0103 un instrument prin care putem \u00eemp\u0103rt\u0103\u0219i mesajul Evangheliei celor mici. Sunt o unealt\u0103 extraordinar\u0103 pentru \u0219coala duminical\u0103 sau pentru taberele destinate copiiilor. Br\u0103\u021bara reprezint\u0103 culorile credin\u021bei.<\/p>\n<p>Fiecare dintre cele 6 culori au o semnifica\u021bie.<\/p>\n<p>Ro\u0219u=s\u00e2ngele lui Isus, Negru=p\u0103cat, Albastru=poc\u0103in\u021b\u0103, Alb=puritate, Verde=cre\u0219tere spiritual\u0103, Galben=cer.<\/p>\n<p>Material: silicon<\/p>\n","protected":false},"featured_media":7183,"comment_status":"open","ping_status":"closed","template":"","meta":{"_seopress_robots_primary_cat":"none","_seopress_titles_title":"","_seopress_titles_desc":"","_seopress_robots_index":""},"product_brand":[],"product_cat":[67],"product_tag":[],"class_list":{"0":"post-2685","1":"product","2":"type-product","3":"status-publish","4":"has-post-thumbnail","6":"product_cat-bijuterii","7":"post-wrapper","8":"thrv_wrapper","10":"first","11":"instock","12":"shipping-taxable","13":"purchasable","14":"product-type-simple"},"_links":{"self":[{"href":"https:\/\/dignita.ro\/ro\/wp-json\/wp\/v2\/product\/2685","targetHints":{"allow":["GET"]}}],"collection":[{"href":"https:\/\/dignita.ro\/ro\/wp-json\/wp\/v2\/product"}],"about":[{"href":"https:\/\/dignita.ro\/ro\/wp-json\/wp\/v2\/types\/product"}],"replies":[{"embeddable":true,"href":"https:\/\/dignita.ro\/ro\/wp-json\/wp\/v2\/comments?post=2685"}],"wp:featuredmedia":[{"embeddable":true,"href":"https:\/\/dignita.ro\/ro\/wp-json\/wp\/v2\/media\/7183"}],"wp:attachment":[{"href":"https:\/\/dignita.ro\/ro\/wp-json\/wp\/v2\/media?parent=2685"}],"wp:term":[{"taxonomy":"product_brand","embeddable":true,"href":"https:\/\/dignita.ro\/ro\/wp-json\/wp\/v2\/product_brand?post=2685"},{"taxonomy":"product_cat","embeddable":true,"href":"https:\/\/dignita.ro\/ro\/wp-json\/wp\/v2\/product_cat?post=2685"},{"taxonomy":"product_tag","embeddable":true,"href":"https:\/\/dignita.ro\/ro\/wp-json\/wp\/v2\/product_tag?post=2685"}],"curies":[{"name":"wp","href":"https:\/\/api.w.org\/{rel}","templated":true}]}}