{"id":2609,"date":"2024-08-19T13:27:23","date_gmt":"2024-08-19T13:27:23","guid":{"rendered":"https:\/\/dignita.ro\/?post_type=product&#038;p=2609"},"modified":"2025-04-12T13:54:07","modified_gmt":"2025-04-12T13:54:07","slug":"bratara-boho-tan-silver","status":"publish","type":"product","link":"https:\/\/dignita.ro\/ro\/produs\/bratara-boho-tan-silver\/","title":{"rendered":"Br\u0103\u021bar\u0103 boho Tan Silver"},"content":{"rendered":"<p>Br\u0103\u021bara Tan Silver este o br\u0103\u021bar\u0103 handmade \u00een stil boho. Exprim\u0103 ideea de libertate, confort \u0219i autenticitate. Aceast\u0103 br\u0103\u021bar\u0103 reprezint\u0103 un cadou ideal sau o surs\u0103 de inspira\u021bie pentru a v\u0103 aminti de dragostea \u0219i credincio\u0219ia lui Dumnezeu. Este compus\u0103 din trei straturi: piele maro \u0219i 2 \u0219nururi rezistente, \u00eempodobite cu accesorii turcoaz, maro, ro\u0219ii \u0219i un pandantiv cruce.<\/p>\n","protected":false},"excerpt":{"rendered":"<p>Br\u0103\u021bara Tan Silver este o br\u0103\u021bar\u0103 handmade \u00een stil boho. Exprim\u0103 ideea de libertate, confort \u0219i autenticitate. Aceast\u0103 br\u0103\u021bar\u0103 reprezint\u0103 un cadou ideal sau o surs\u0103 de inspira\u021bie pentru a v\u0103 aminti de dragostea \u0219i credincio\u0219ia lui Dumnezeu. Este compus\u0103 din trei straturi: piele maro \u0219i 2 \u0219nururi rezistente, \u00eempodobite cu accesorii turcoaz, maro, ro\u0219ii \u0219i un pandantiv cruce.<\/p>\n","protected":false},"featured_media":7143,"comment_status":"open","ping_status":"closed","template":"","meta":{"_seopress_robots_primary_cat":"none","_seopress_titles_title":"","_seopress_titles_desc":"","_seopress_robots_index":""},"product_brand":[],"product_cat":[67],"product_tag":[],"class_list":{"0":"post-2609","1":"product","2":"type-product","3":"status-publish","4":"has-post-thumbnail","6":"product_cat-bijuterii","7":"post-wrapper","8":"thrv_wrapper","10":"first","11":"instock","12":"shipping-taxable","13":"purchasable","14":"product-type-simple"},"_links":{"self":[{"href":"https:\/\/dignita.ro\/ro\/wp-json\/wp\/v2\/product\/2609","targetHints":{"allow":["GET"]}}],"collection":[{"href":"https:\/\/dignita.ro\/ro\/wp-json\/wp\/v2\/product"}],"about":[{"href":"https:\/\/dignita.ro\/ro\/wp-json\/wp\/v2\/types\/product"}],"replies":[{"embeddable":true,"href":"https:\/\/dignita.ro\/ro\/wp-json\/wp\/v2\/comments?post=2609"}],"wp:featuredmedia":[{"embeddable":true,"href":"https:\/\/dignita.ro\/ro\/wp-json\/wp\/v2\/media\/7143"}],"wp:attachment":[{"href":"https:\/\/dignita.ro\/ro\/wp-json\/wp\/v2\/media?parent=2609"}],"wp:term":[{"taxonomy":"product_brand","embeddable":true,"href":"https:\/\/dignita.ro\/ro\/wp-json\/wp\/v2\/product_brand?post=2609"},{"taxonomy":"product_cat","embeddable":true,"href":"https:\/\/dignita.ro\/ro\/wp-json\/wp\/v2\/product_cat?post=2609"},{"taxonomy":"product_tag","embeddable":true,"href":"https:\/\/dignita.ro\/ro\/wp-json\/wp\/v2\/product_tag?post=2609"}],"curies":[{"name":"wp","href":"https:\/\/api.w.org\/{rel}","templated":true}]}}