{"id":2604,"date":"2024-08-19T13:26:17","date_gmt":"2024-08-19T13:26:17","guid":{"rendered":"https:\/\/dignita.ro\/?post_type=product&#038;p=2604"},"modified":"2025-04-12T13:49:54","modified_gmt":"2025-04-12T13:49:54","slug":"bratara-child-of-god","status":"publish","type":"product","link":"https:\/\/dignita.ro\/ro\/produs\/bratara-child-of-god\/","title":{"rendered":"Br\u0103\u021bar\u0103 Child of God"},"content":{"rendered":"<p>Aceast\u0103 br\u0103\u021bar\u0103 elastic\u0103 format\u0103 din 3 straturi este cadoul perfect pentru feti\u021be \u0219i tinere domni\u0219oare. Are un design distractiv, atractiv \u0219i o frumoas\u0103 inscrip\u021bie care ne aminte\u0219te c\u0103 suntem copiii lui Dumnezeu.<\/p>\n","protected":false},"excerpt":{"rendered":"<p>Aceast\u0103 br\u0103\u021bar\u0103 elastic\u0103 format\u0103 din 3 straturi este cadoul perfect pentru feti\u021be \u0219i tinere domni\u0219oare. Are un design distractiv, atractiv \u0219i o frumoas\u0103 inscrip\u021bie care ne aminte\u0219te c\u0103 suntem copiii lui Dumnezeu.<\/p>\n","protected":false},"featured_media":7137,"comment_status":"open","ping_status":"closed","template":"","meta":{"_seopress_robots_primary_cat":"none","_seopress_titles_title":"","_seopress_titles_desc":"","_seopress_robots_index":""},"product_brand":[],"product_cat":[67],"product_tag":[],"class_list":{"0":"post-2604","1":"product","2":"type-product","3":"status-publish","4":"has-post-thumbnail","6":"product_cat-bijuterii","7":"post-wrapper","8":"thrv_wrapper","10":"first","11":"instock","12":"shipping-taxable","13":"purchasable","14":"product-type-simple"},"_links":{"self":[{"href":"https:\/\/dignita.ro\/ro\/wp-json\/wp\/v2\/product\/2604","targetHints":{"allow":["GET"]}}],"collection":[{"href":"https:\/\/dignita.ro\/ro\/wp-json\/wp\/v2\/product"}],"about":[{"href":"https:\/\/dignita.ro\/ro\/wp-json\/wp\/v2\/types\/product"}],"replies":[{"embeddable":true,"href":"https:\/\/dignita.ro\/ro\/wp-json\/wp\/v2\/comments?post=2604"}],"wp:featuredmedia":[{"embeddable":true,"href":"https:\/\/dignita.ro\/ro\/wp-json\/wp\/v2\/media\/7137"}],"wp:attachment":[{"href":"https:\/\/dignita.ro\/ro\/wp-json\/wp\/v2\/media?parent=2604"}],"wp:term":[{"taxonomy":"product_brand","embeddable":true,"href":"https:\/\/dignita.ro\/ro\/wp-json\/wp\/v2\/product_brand?post=2604"},{"taxonomy":"product_cat","embeddable":true,"href":"https:\/\/dignita.ro\/ro\/wp-json\/wp\/v2\/product_cat?post=2604"},{"taxonomy":"product_tag","embeddable":true,"href":"https:\/\/dignita.ro\/ro\/wp-json\/wp\/v2\/product_tag?post=2604"}],"curies":[{"name":"wp","href":"https:\/\/api.w.org\/{rel}","templated":true}]}}