{"id":2597,"date":"2024-08-19T13:24:44","date_gmt":"2024-08-19T13:24:44","guid":{"rendered":"https:\/\/dignita.ro\/?post_type=product&#038;p=2597"},"modified":"2025-04-12T13:47:38","modified_gmt":"2025-04-12T13:47:38","slug":"bratara-material-smile","status":"publish","type":"product","link":"https:\/\/dignita.ro\/ro\/produs\/bratara-material-smile\/","title":{"rendered":"Br\u0103\u021bar\u0103 material &#8211; Smile"},"content":{"rendered":"<p>Aceast\u0103 br\u0103\u021bar\u0103 reprezint\u0103 un accesoriu vibrant care va ad\u0103uga o not\u0103 de unicitate outfit-ului t\u0103u. Realizat dintr-o \u021bes\u0103tur\u0103 pl\u0103cut\u0103 la atingere av\u00e2nd un mesaj care ne aminte\u0219te s\u0103 z\u00e2mbim fiindc\u0103 suntem iubite de Creatorul nostru. Este alegerea perfect\u0103 pentru cele care caut\u0103 s\u0103 adauge un strop de originalitate \u0219i frumuse\u021be \u00een stilul lor.<\/p>\n<p>Material: textil\/denim<\/p>\n<p>Culoare principal\u0103: roz<\/p>\n","protected":false},"excerpt":{"rendered":"<p>Aceast\u0103 br\u0103\u021bar\u0103 reprezint\u0103 un accesoriu vibrant care va ad\u0103uga o not\u0103 de unicitate outfit-ului t\u0103u. Realizat dintr-o \u021bes\u0103tur\u0103 pl\u0103cut\u0103 la atingere av\u00e2nd un mesaj care ne aminte\u0219te s\u0103 z\u00e2mbim fiindc\u0103 suntem iubite de Creatorul nostru. Este alegerea perfect\u0103 pentru cele care caut\u0103 s\u0103 adauge un strop de originalitate \u0219i frumuse\u021be \u00een stilul lor.<\/p>\n<p>Material: textil\/denim<\/p>\n<p>Culoare principal\u0103: roz<\/p>\n","protected":false},"featured_media":7132,"comment_status":"open","ping_status":"closed","template":"","meta":{"_seopress_robots_primary_cat":"none","_seopress_titles_title":"","_seopress_titles_desc":"","_seopress_robots_index":""},"product_brand":[],"product_cat":[67],"product_tag":[],"class_list":{"0":"post-2597","1":"product","2":"type-product","3":"status-publish","4":"has-post-thumbnail","6":"product_cat-bijuterii","7":"post-wrapper","8":"thrv_wrapper","10":"first","11":"instock","12":"shipping-taxable","13":"purchasable","14":"product-type-simple"},"_links":{"self":[{"href":"https:\/\/dignita.ro\/ro\/wp-json\/wp\/v2\/product\/2597","targetHints":{"allow":["GET"]}}],"collection":[{"href":"https:\/\/dignita.ro\/ro\/wp-json\/wp\/v2\/product"}],"about":[{"href":"https:\/\/dignita.ro\/ro\/wp-json\/wp\/v2\/types\/product"}],"replies":[{"embeddable":true,"href":"https:\/\/dignita.ro\/ro\/wp-json\/wp\/v2\/comments?post=2597"}],"wp:featuredmedia":[{"embeddable":true,"href":"https:\/\/dignita.ro\/ro\/wp-json\/wp\/v2\/media\/7132"}],"wp:attachment":[{"href":"https:\/\/dignita.ro\/ro\/wp-json\/wp\/v2\/media?parent=2597"}],"wp:term":[{"taxonomy":"product_brand","embeddable":true,"href":"https:\/\/dignita.ro\/ro\/wp-json\/wp\/v2\/product_brand?post=2597"},{"taxonomy":"product_cat","embeddable":true,"href":"https:\/\/dignita.ro\/ro\/wp-json\/wp\/v2\/product_cat?post=2597"},{"taxonomy":"product_tag","embeddable":true,"href":"https:\/\/dignita.ro\/ro\/wp-json\/wp\/v2\/product_tag?post=2597"}],"curies":[{"name":"wp","href":"https:\/\/api.w.org\/{rel}","templated":true}]}}