{"id":2588,"date":"2024-08-19T13:22:38","date_gmt":"2024-08-19T13:22:38","guid":{"rendered":"https:\/\/dignita.ro\/?post_type=product&#038;p=2588"},"modified":"2025-04-12T13:41:58","modified_gmt":"2025-04-12T13:41:58","slug":"bratara-serenity-cu-poza","status":"publish","type":"product","link":"https:\/\/dignita.ro\/ro\/produs\/bratara-serenity-cu-poza\/","title":{"rendered":"Br\u0103\u021bara Serenity cu poz\u0103"},"content":{"rendered":"<p>Poart\u0103 br\u0103\u021bara Serenity cu chipul celor dragi \u0219i aminte\u0219te-\u021bi c\u0103 familia este cel mai de pre\u021b dar. Totodat\u0103, poate fi un cadou unic, memorabil, cu o amintire pre\u021bioas\u0103. Pe spatele spa\u021biului destinat fotografiei este gravat urm\u0103torul mesaj &#8222;God grant me the serenity to accept the things I cannot change, courage to change the things I can, and wisdom to know the difference&#8221;.<\/p>\n<p>Material: o\u021bel inoxidabil<\/p>\n","protected":false},"excerpt":{"rendered":"<p>Poart\u0103 br\u0103\u021bara Serenity cu chipul celor dragi \u0219i aminte\u0219te-\u021bi c\u0103 familia este cel mai de pre\u021b dar. Totodat\u0103, poate fi un cadou unic, memorabil, cu o amintire pre\u021bioas\u0103. Pe spatele spa\u021biului destinat fotografiei este gravat urm\u0103torul mesaj &#8222;God grant me the serenity to accept the things I cannot change, courage to change the things I can, and wisdom to know the difference&#8221;.<\/p>\n<p>Material: o\u021bel inoxidabil<\/p>\n","protected":false},"featured_media":7130,"comment_status":"open","ping_status":"closed","template":"","meta":{"_seopress_robots_primary_cat":"none","_seopress_titles_title":"","_seopress_titles_desc":"","_seopress_robots_index":""},"product_brand":[],"product_cat":[67],"product_tag":[],"class_list":{"0":"post-2588","1":"product","2":"type-product","3":"status-publish","4":"has-post-thumbnail","6":"product_cat-bijuterii","7":"post-wrapper","8":"thrv_wrapper","10":"first","11":"instock","12":"shipping-taxable","13":"purchasable","14":"product-type-simple"},"_links":{"self":[{"href":"https:\/\/dignita.ro\/ro\/wp-json\/wp\/v2\/product\/2588","targetHints":{"allow":["GET"]}}],"collection":[{"href":"https:\/\/dignita.ro\/ro\/wp-json\/wp\/v2\/product"}],"about":[{"href":"https:\/\/dignita.ro\/ro\/wp-json\/wp\/v2\/types\/product"}],"replies":[{"embeddable":true,"href":"https:\/\/dignita.ro\/ro\/wp-json\/wp\/v2\/comments?post=2588"}],"wp:featuredmedia":[{"embeddable":true,"href":"https:\/\/dignita.ro\/ro\/wp-json\/wp\/v2\/media\/7130"}],"wp:attachment":[{"href":"https:\/\/dignita.ro\/ro\/wp-json\/wp\/v2\/media?parent=2588"}],"wp:term":[{"taxonomy":"product_brand","embeddable":true,"href":"https:\/\/dignita.ro\/ro\/wp-json\/wp\/v2\/product_brand?post=2588"},{"taxonomy":"product_cat","embeddable":true,"href":"https:\/\/dignita.ro\/ro\/wp-json\/wp\/v2\/product_cat?post=2588"},{"taxonomy":"product_tag","embeddable":true,"href":"https:\/\/dignita.ro\/ro\/wp-json\/wp\/v2\/product_tag?post=2588"}],"curies":[{"name":"wp","href":"https:\/\/api.w.org\/{rel}","templated":true}]}}