{"id":2535,"date":"2024-08-16T12:39:46","date_gmt":"2024-08-16T12:39:46","guid":{"rendered":"https:\/\/dignita.ro\/?post_type=product&#038;p=2535"},"modified":"2025-04-12T13:11:49","modified_gmt":"2025-04-12T13:11:49","slug":"bratara-crosses","status":"publish","type":"product","link":"https:\/\/dignita.ro\/ro\/produs\/bratara-crosses\/","title":{"rendered":"Br\u0103\u021bar\u0103 Crosses"},"content":{"rendered":"<p>Aceast\u0103 br\u0103\u021bar\u0103 este o bijuterie versatil\u0103, care poate fi purtat\u0103 \u00een orice context \u0219i care adaug\u0103 un plus de personalitate \u021binutei tale. Totodat\u0103, este o alegere perfect\u0103 \u0219i pentru a fi oferit\u0103 \u00een cadou persoanelor dragi. Diversitatea charmurilor \u0219i pandantivul inscrip\u021bionat &#8222;Truth&#8221; face din aceast\u0103 br\u0103\u021bar\u0103 un accesoriu unic \u0219i expresiv. De fiecare dat\u0103 c\u00e2nd o vei purta \u021bi se va aminti de frumuse\u021bea \u0219i harul lui Dumnezeu al\u0103turi de iubirea Sa pentru tine.<\/p>\n","protected":false},"excerpt":{"rendered":"<p>Aceast\u0103 br\u0103\u021bar\u0103 este o bijuterie versatil\u0103, care poate fi purtat\u0103 \u00een orice context \u0219i care adaug\u0103 un plus de personalitate \u021binutei tale. Totodat\u0103, este o alegere perfect\u0103 \u0219i pentru a fi oferit\u0103 \u00een cadou persoanelor dragi. Diversitatea charmurilor \u0219i pandantivul inscrip\u021bionat &#8222;Truth&#8221; face din aceast\u0103 br\u0103\u021bar\u0103 un accesoriu unic \u0219i expresiv. De fiecare dat\u0103 c\u00e2nd o vei purta \u021bi se va aminti de frumuse\u021bea \u0219i harul lui Dumnezeu al\u0103turi de iubirea Sa pentru tine.<\/p>\n","protected":false},"featured_media":7106,"comment_status":"open","ping_status":"closed","template":"","meta":{"_seopress_robots_primary_cat":"none","_seopress_titles_title":"","_seopress_titles_desc":"","_seopress_robots_index":""},"product_brand":[],"product_cat":[67],"product_tag":[],"class_list":{"0":"post-2535","1":"product","2":"type-product","3":"status-publish","4":"has-post-thumbnail","6":"product_cat-bijuterii","7":"post-wrapper","8":"thrv_wrapper","10":"first","11":"instock","12":"shipping-taxable","13":"purchasable","14":"product-type-simple"},"_links":{"self":[{"href":"https:\/\/dignita.ro\/ro\/wp-json\/wp\/v2\/product\/2535","targetHints":{"allow":["GET"]}}],"collection":[{"href":"https:\/\/dignita.ro\/ro\/wp-json\/wp\/v2\/product"}],"about":[{"href":"https:\/\/dignita.ro\/ro\/wp-json\/wp\/v2\/types\/product"}],"replies":[{"embeddable":true,"href":"https:\/\/dignita.ro\/ro\/wp-json\/wp\/v2\/comments?post=2535"}],"wp:featuredmedia":[{"embeddable":true,"href":"https:\/\/dignita.ro\/ro\/wp-json\/wp\/v2\/media\/7106"}],"wp:attachment":[{"href":"https:\/\/dignita.ro\/ro\/wp-json\/wp\/v2\/media?parent=2535"}],"wp:term":[{"taxonomy":"product_brand","embeddable":true,"href":"https:\/\/dignita.ro\/ro\/wp-json\/wp\/v2\/product_brand?post=2535"},{"taxonomy":"product_cat","embeddable":true,"href":"https:\/\/dignita.ro\/ro\/wp-json\/wp\/v2\/product_cat?post=2535"},{"taxonomy":"product_tag","embeddable":true,"href":"https:\/\/dignita.ro\/ro\/wp-json\/wp\/v2\/product_tag?post=2535"}],"curies":[{"name":"wp","href":"https:\/\/api.w.org\/{rel}","templated":true}]}}