{"id":2500,"date":"2024-08-16T12:17:08","date_gmt":"2024-08-16T12:17:08","guid":{"rendered":"https:\/\/dignita.ro\/?post_type=product&#038;p=2500"},"modified":"2025-04-12T12:27:56","modified_gmt":"2025-04-12T12:27:56","slug":"inel-crown","status":"publish","type":"product","link":"https:\/\/dignita.ro\/ro\/produs\/inel-crown\/","title":{"rendered":"Inel Crown"},"content":{"rendered":"<p>Inelul elegant Crown este accesoriul care v\u0103 va completa frumos \u021binuta. Este potrivit pentru ocazii festive, dar \u0219i cotidiene, cu o rochie frumoas\u0103 sau o \u021binut\u0103 casual. Totodat\u0103, reprezint\u0103 un cadou perfect pentru fiecare femeie.<\/p>\n<p>Material: aliaj solid, f\u0103r\u0103 plumb.<\/p>\n<p>Marimia: 6 | 8<\/p>\n","protected":false},"excerpt":{"rendered":"<p>Inelul elegant Crown este accesoriul care v\u0103 va completa frumos \u021binuta. Este potrivit pentru ocazii festive, dar \u0219i cotidiene, cu o rochie frumoas\u0103 sau o \u021binut\u0103 casual. Totodat\u0103, reprezint\u0103 un cadou perfect pentru fiecare femeie.<\/p>\n<p>Material: aliaj solid, f\u0103r\u0103 plumb.<\/p>\n<p>Marimia: 6 | 8<\/p>\n","protected":false},"featured_media":7003,"comment_status":"open","ping_status":"closed","template":"","meta":{"_seopress_robots_primary_cat":"none","_seopress_titles_title":"","_seopress_titles_desc":"","_seopress_robots_index":""},"product_brand":[],"product_cat":[67],"product_tag":[],"class_list":{"0":"post-2500","1":"product","2":"type-product","3":"status-publish","4":"has-post-thumbnail","6":"product_cat-bijuterii","7":"post-wrapper","8":"thrv_wrapper","10":"first","11":"instock","12":"shipping-taxable","13":"purchasable","14":"product-type-variable"},"_links":{"self":[{"href":"https:\/\/dignita.ro\/ro\/wp-json\/wp\/v2\/product\/2500","targetHints":{"allow":["GET"]}}],"collection":[{"href":"https:\/\/dignita.ro\/ro\/wp-json\/wp\/v2\/product"}],"about":[{"href":"https:\/\/dignita.ro\/ro\/wp-json\/wp\/v2\/types\/product"}],"replies":[{"embeddable":true,"href":"https:\/\/dignita.ro\/ro\/wp-json\/wp\/v2\/comments?post=2500"}],"wp:featuredmedia":[{"embeddable":true,"href":"https:\/\/dignita.ro\/ro\/wp-json\/wp\/v2\/media\/7003"}],"wp:attachment":[{"href":"https:\/\/dignita.ro\/ro\/wp-json\/wp\/v2\/media?parent=2500"}],"wp:term":[{"taxonomy":"product_brand","embeddable":true,"href":"https:\/\/dignita.ro\/ro\/wp-json\/wp\/v2\/product_brand?post=2500"},{"taxonomy":"product_cat","embeddable":true,"href":"https:\/\/dignita.ro\/ro\/wp-json\/wp\/v2\/product_cat?post=2500"},{"taxonomy":"product_tag","embeddable":true,"href":"https:\/\/dignita.ro\/ro\/wp-json\/wp\/v2\/product_tag?post=2500"}],"curies":[{"name":"wp","href":"https:\/\/api.w.org\/{rel}","templated":true}]}}