{"id":2479,"date":"2024-08-16T12:09:47","date_gmt":"2024-08-16T12:09:47","guid":{"rendered":"https:\/\/dignita.ro\/?post_type=product&#038;p=2479"},"modified":"2025-04-12T10:47:49","modified_gmt":"2025-04-12T10:47:49","slug":"cercei-bob-siemon-detaliu-mov","status":"publish","type":"product","link":"https:\/\/dignita.ro\/ro\/produs\/cercei-bob-siemon-detaliu-mov\/","title":{"rendered":"Cercei Bob Siemon &#8211; detaliu mov"},"content":{"rendered":"<p>Cerceii Bob Siemon prezint\u0103 un design clasic, redefinit cu o atingere modern\u0103. Sunt alegerea perfect\u0103 pentru cele care doresc s\u0103 \u00eembine elegan\u021ba atemporal\u0103 cu un stil contemporan.<\/p>\n<p>Material: o\u021bel inoxidabil<\/p>\n","protected":false},"excerpt":{"rendered":"<p>Cerceii Bob Siemon prezint\u0103 un design clasic, redefinit cu o atingere modern\u0103. Sunt alegerea perfect\u0103 pentru cele care doresc s\u0103 \u00eembine elegan\u021ba atemporal\u0103 cu un stil contemporan.<\/p>\n<p>Material: o\u021bel inoxidabil<\/p>\n","protected":false},"featured_media":6995,"comment_status":"open","ping_status":"closed","template":"","meta":{"_seopress_robots_primary_cat":"none","_seopress_titles_title":"","_seopress_titles_desc":"","_seopress_robots_index":""},"product_brand":[],"product_cat":[67],"product_tag":[],"class_list":{"0":"post-2479","1":"product","2":"type-product","3":"status-publish","4":"has-post-thumbnail","6":"product_cat-bijuterii","7":"post-wrapper","8":"thrv_wrapper","10":"first","11":"outofstock","12":"shipping-taxable","13":"purchasable","14":"product-type-simple"},"_links":{"self":[{"href":"https:\/\/dignita.ro\/ro\/wp-json\/wp\/v2\/product\/2479","targetHints":{"allow":["GET"]}}],"collection":[{"href":"https:\/\/dignita.ro\/ro\/wp-json\/wp\/v2\/product"}],"about":[{"href":"https:\/\/dignita.ro\/ro\/wp-json\/wp\/v2\/types\/product"}],"replies":[{"embeddable":true,"href":"https:\/\/dignita.ro\/ro\/wp-json\/wp\/v2\/comments?post=2479"}],"wp:featuredmedia":[{"embeddable":true,"href":"https:\/\/dignita.ro\/ro\/wp-json\/wp\/v2\/media\/6995"}],"wp:attachment":[{"href":"https:\/\/dignita.ro\/ro\/wp-json\/wp\/v2\/media?parent=2479"}],"wp:term":[{"taxonomy":"product_brand","embeddable":true,"href":"https:\/\/dignita.ro\/ro\/wp-json\/wp\/v2\/product_brand?post=2479"},{"taxonomy":"product_cat","embeddable":true,"href":"https:\/\/dignita.ro\/ro\/wp-json\/wp\/v2\/product_cat?post=2479"},{"taxonomy":"product_tag","embeddable":true,"href":"https:\/\/dignita.ro\/ro\/wp-json\/wp\/v2\/product_tag?post=2479"}],"curies":[{"name":"wp","href":"https:\/\/api.w.org\/{rel}","templated":true}]}}