{"id":2474,"date":"2024-08-16T12:07:19","date_gmt":"2024-08-16T12:07:19","guid":{"rendered":"https:\/\/dignita.ro\/?post_type=product&#038;p=2474"},"modified":"2025-04-12T10:43:30","modified_gmt":"2025-04-12T10:43:30","slug":"cercei-dove-kelly","status":"publish","type":"product","link":"https:\/\/dignita.ro\/ro\/produs\/cercei-dove-kelly\/","title":{"rendered":"Cercei Dove &#8211; Kelly"},"content":{"rendered":"<p>Cerceii rotunzi Kelly prezint\u0103 un design clasic, redefinit cu o atingere modern\u0103. Sunt alegerea perfect\u0103 pentru cele care doresc s\u0103 \u00eembine elegan\u021ba atemporal\u0103 cu un stil contemporan.<\/p>\n<p>Material: o\u021bel inoxidabil<\/p>\n","protected":false},"excerpt":{"rendered":"<p>Cerceii rotunzi Kelly prezint\u0103 un design clasic, redefinit cu o atingere modern\u0103. Sunt alegerea perfect\u0103 pentru cele care doresc s\u0103 \u00eembine elegan\u021ba atemporal\u0103 cu un stil contemporan.<\/p>\n<p>Material: o\u021bel inoxidabil<\/p>\n","protected":false},"featured_media":6990,"comment_status":"open","ping_status":"closed","template":"","meta":{"_seopress_robots_primary_cat":"none","_seopress_titles_title":"","_seopress_titles_desc":"","_seopress_robots_index":""},"product_brand":[],"product_cat":[67],"product_tag":[],"class_list":{"0":"post-2474","1":"product","2":"type-product","3":"status-publish","4":"has-post-thumbnail","6":"product_cat-bijuterii","7":"post-wrapper","8":"thrv_wrapper","10":"first","11":"instock","12":"shipping-taxable","13":"purchasable","14":"product-type-simple"},"_links":{"self":[{"href":"https:\/\/dignita.ro\/ro\/wp-json\/wp\/v2\/product\/2474","targetHints":{"allow":["GET"]}}],"collection":[{"href":"https:\/\/dignita.ro\/ro\/wp-json\/wp\/v2\/product"}],"about":[{"href":"https:\/\/dignita.ro\/ro\/wp-json\/wp\/v2\/types\/product"}],"replies":[{"embeddable":true,"href":"https:\/\/dignita.ro\/ro\/wp-json\/wp\/v2\/comments?post=2474"}],"wp:featuredmedia":[{"embeddable":true,"href":"https:\/\/dignita.ro\/ro\/wp-json\/wp\/v2\/media\/6990"}],"wp:attachment":[{"href":"https:\/\/dignita.ro\/ro\/wp-json\/wp\/v2\/media?parent=2474"}],"wp:term":[{"taxonomy":"product_brand","embeddable":true,"href":"https:\/\/dignita.ro\/ro\/wp-json\/wp\/v2\/product_brand?post=2474"},{"taxonomy":"product_cat","embeddable":true,"href":"https:\/\/dignita.ro\/ro\/wp-json\/wp\/v2\/product_cat?post=2474"},{"taxonomy":"product_tag","embeddable":true,"href":"https:\/\/dignita.ro\/ro\/wp-json\/wp\/v2\/product_tag?post=2474"}],"curies":[{"name":"wp","href":"https:\/\/api.w.org\/{rel}","templated":true}]}}