{"id":2465,"date":"2024-08-16T12:05:39","date_gmt":"2024-08-16T12:05:39","guid":{"rendered":"https:\/\/dignita.ro\/?post_type=product&#038;p=2465"},"modified":"2025-04-12T10:40:51","modified_gmt":"2025-04-12T10:40:51","slug":"cercei-cross-heart","status":"publish","type":"product","link":"https:\/\/dignita.ro\/ro\/produs\/cercei-cross-heart\/","title":{"rendered":"Cercei Cross &#8211; Heart"},"content":{"rendered":"<p>\u00cent\u00e2mpin\u0103 str\u0103lucirea \u0219i elegan\u021ba cu ace\u0219ti cercei. Ace\u0219ti cercei sunt alegerea ideal\u0103 pentru cele care apreciaz\u0103 bijuteriile fine \u0219i elegante. Simbolurile cre\u0219tine reg\u0103site \u00een aceast\u0103 pereche de cercei fac referire la dragoste, echilibru, siguran\u021b\u0103 \u0219i n\u0103dejde. Material: o\u021bel inoxidabil<\/p>\n","protected":false},"excerpt":{"rendered":"<p>\u00cent\u00e2mpin\u0103 str\u0103lucirea \u0219i elegan\u021ba cu ace\u0219ti cercei. Ace\u0219ti cercei sunt alegerea ideal\u0103 pentru cele care apreciaz\u0103 bijuteriile fine \u0219i elegante. Simbolurile cre\u0219tine reg\u0103site \u00een aceast\u0103 pereche de cercei fac referire la dragoste, echilibru, siguran\u021b\u0103 \u0219i n\u0103dejde. Material: o\u021bel inoxidabil<\/p>\n","protected":false},"featured_media":6988,"comment_status":"open","ping_status":"closed","template":"","meta":{"_seopress_robots_primary_cat":"none","_seopress_titles_title":"","_seopress_titles_desc":"","_seopress_robots_index":""},"product_brand":[],"product_cat":[67],"product_tag":[],"class_list":{"0":"post-2465","1":"product","2":"type-product","3":"status-publish","4":"has-post-thumbnail","6":"product_cat-bijuterii","7":"post-wrapper","8":"thrv_wrapper","10":"first","11":"instock","12":"shipping-taxable","13":"purchasable","14":"product-type-simple"},"_links":{"self":[{"href":"https:\/\/dignita.ro\/ro\/wp-json\/wp\/v2\/product\/2465","targetHints":{"allow":["GET"]}}],"collection":[{"href":"https:\/\/dignita.ro\/ro\/wp-json\/wp\/v2\/product"}],"about":[{"href":"https:\/\/dignita.ro\/ro\/wp-json\/wp\/v2\/types\/product"}],"replies":[{"embeddable":true,"href":"https:\/\/dignita.ro\/ro\/wp-json\/wp\/v2\/comments?post=2465"}],"wp:featuredmedia":[{"embeddable":true,"href":"https:\/\/dignita.ro\/ro\/wp-json\/wp\/v2\/media\/6988"}],"wp:attachment":[{"href":"https:\/\/dignita.ro\/ro\/wp-json\/wp\/v2\/media?parent=2465"}],"wp:term":[{"taxonomy":"product_brand","embeddable":true,"href":"https:\/\/dignita.ro\/ro\/wp-json\/wp\/v2\/product_brand?post=2465"},{"taxonomy":"product_cat","embeddable":true,"href":"https:\/\/dignita.ro\/ro\/wp-json\/wp\/v2\/product_cat?post=2465"},{"taxonomy":"product_tag","embeddable":true,"href":"https:\/\/dignita.ro\/ro\/wp-json\/wp\/v2\/product_tag?post=2465"}],"curies":[{"name":"wp","href":"https:\/\/api.w.org\/{rel}","templated":true}]}}