{"id":2460,"date":"2024-08-16T12:03:04","date_gmt":"2024-08-16T12:03:04","guid":{"rendered":"https:\/\/dignita.ro\/?post_type=product&#038;p=2460"},"modified":"2025-04-12T10:36:18","modified_gmt":"2025-04-12T10:36:18","slug":"cercei-ancora","status":"publish","type":"product","link":"https:\/\/dignita.ro\/ro\/produs\/cercei-ancora\/","title":{"rendered":"Cercei Ancor\u0103"},"content":{"rendered":"<p>Cerceii Ancor\u0103 din o\u021bel inoxidabil este accesoriul de care ai nevoie. Ancora este \u00eent\u00e2lnit\u0103 \u00een diferite culturi ca simbol f\u0103c\u00e2nd referire la virtu\u021bi precum statornicia, devotamentul, dragostea, echilibrul, siguran\u021ba \u0219i n\u0103dejdea. Ancora reprezint\u0103 un vechi simbol cre\u0219tin al n\u0103dejdii \u00een Hristos.<\/p>\n","protected":false},"excerpt":{"rendered":"<p>Cerceii Ancor\u0103 din o\u021bel inoxidabil este accesoriul de care ai nevoie. Ancora este \u00eent\u00e2lnit\u0103 \u00een diferite culturi ca simbol f\u0103c\u00e2nd referire la virtu\u021bi precum statornicia, devotamentul, dragostea, echilibrul, siguran\u021ba \u0219i n\u0103dejdea. Ancora reprezint\u0103 un vechi simbol cre\u0219tin al n\u0103dejdii \u00een Hristos.<\/p>\n","protected":false},"featured_media":6986,"comment_status":"open","ping_status":"closed","template":"","meta":{"_seopress_robots_primary_cat":"none","_seopress_titles_title":"","_seopress_titles_desc":"","_seopress_robots_index":""},"product_brand":[],"product_cat":[67],"product_tag":[],"class_list":{"0":"post-2460","1":"product","2":"type-product","3":"status-publish","4":"has-post-thumbnail","6":"product_cat-bijuterii","7":"post-wrapper","8":"thrv_wrapper","10":"first","11":"instock","12":"shipping-taxable","13":"purchasable","14":"product-type-simple"},"_links":{"self":[{"href":"https:\/\/dignita.ro\/ro\/wp-json\/wp\/v2\/product\/2460","targetHints":{"allow":["GET"]}}],"collection":[{"href":"https:\/\/dignita.ro\/ro\/wp-json\/wp\/v2\/product"}],"about":[{"href":"https:\/\/dignita.ro\/ro\/wp-json\/wp\/v2\/types\/product"}],"replies":[{"embeddable":true,"href":"https:\/\/dignita.ro\/ro\/wp-json\/wp\/v2\/comments?post=2460"}],"wp:featuredmedia":[{"embeddable":true,"href":"https:\/\/dignita.ro\/ro\/wp-json\/wp\/v2\/media\/6986"}],"wp:attachment":[{"href":"https:\/\/dignita.ro\/ro\/wp-json\/wp\/v2\/media?parent=2460"}],"wp:term":[{"taxonomy":"product_brand","embeddable":true,"href":"https:\/\/dignita.ro\/ro\/wp-json\/wp\/v2\/product_brand?post=2460"},{"taxonomy":"product_cat","embeddable":true,"href":"https:\/\/dignita.ro\/ro\/wp-json\/wp\/v2\/product_cat?post=2460"},{"taxonomy":"product_tag","embeddable":true,"href":"https:\/\/dignita.ro\/ro\/wp-json\/wp\/v2\/product_tag?post=2460"}],"curies":[{"name":"wp","href":"https:\/\/api.w.org\/{rel}","templated":true}]}}