{"id":2412,"date":"2024-08-16T11:46:01","date_gmt":"2024-08-16T11:46:01","guid":{"rendered":"https:\/\/dignita.ro\/?post_type=product&#038;p=2412"},"modified":"2025-04-12T10:12:26","modified_gmt":"2025-04-12T10:12:26","slug":"lant-barbati-by-his-wounds-we-are-healed","status":"publish","type":"product","link":"https:\/\/dignita.ro\/ro\/produs\/lant-barbati-by-his-wounds-we-are-healed\/","title":{"rendered":"Lan\u021b b\u0103rba\u021bi By His wounds we are healed"},"content":{"rendered":"<p>Lan\u021b b\u0103rba\u021bi personalizat &#8211; este accesoriul perfect pentru purtare zilnic\u0103. Ceea ce \u00eel face deosebit este faptul c\u0103 este unic. Pe verso, pandantivul are gravat pe spate &#8222;By His wounds we are healed. &#8211; Isaiah 53:5&#8221;. Material: metal<\/p>\n","protected":false},"excerpt":{"rendered":"<p>Lan\u021b b\u0103rba\u021bi personalizat &#8211; este accesoriul perfect pentru purtare zilnic\u0103. Ceea ce \u00eel face deosebit este faptul c\u0103 este unic. Pe verso, pandantivul are gravat pe spate &#8222;By His wounds we are healed. &#8211; Isaiah 53:5&#8221;. Material: metal<\/p>\n","protected":false},"featured_media":6963,"comment_status":"open","ping_status":"closed","template":"","meta":{"_seopress_robots_primary_cat":"none","_seopress_titles_title":"","_seopress_titles_desc":"","_seopress_robots_index":""},"product_brand":[],"product_cat":[67],"product_tag":[],"class_list":{"0":"post-2412","1":"product","2":"type-product","3":"status-publish","4":"has-post-thumbnail","6":"product_cat-bijuterii","7":"post-wrapper","8":"thrv_wrapper","10":"first","11":"instock","12":"shipping-taxable","13":"purchasable","14":"product-type-simple"},"_links":{"self":[{"href":"https:\/\/dignita.ro\/ro\/wp-json\/wp\/v2\/product\/2412","targetHints":{"allow":["GET"]}}],"collection":[{"href":"https:\/\/dignita.ro\/ro\/wp-json\/wp\/v2\/product"}],"about":[{"href":"https:\/\/dignita.ro\/ro\/wp-json\/wp\/v2\/types\/product"}],"replies":[{"embeddable":true,"href":"https:\/\/dignita.ro\/ro\/wp-json\/wp\/v2\/comments?post=2412"}],"wp:featuredmedia":[{"embeddable":true,"href":"https:\/\/dignita.ro\/ro\/wp-json\/wp\/v2\/media\/6963"}],"wp:attachment":[{"href":"https:\/\/dignita.ro\/ro\/wp-json\/wp\/v2\/media?parent=2412"}],"wp:term":[{"taxonomy":"product_brand","embeddable":true,"href":"https:\/\/dignita.ro\/ro\/wp-json\/wp\/v2\/product_brand?post=2412"},{"taxonomy":"product_cat","embeddable":true,"href":"https:\/\/dignita.ro\/ro\/wp-json\/wp\/v2\/product_cat?post=2412"},{"taxonomy":"product_tag","embeddable":true,"href":"https:\/\/dignita.ro\/ro\/wp-json\/wp\/v2\/product_tag?post=2412"}],"curies":[{"name":"wp","href":"https:\/\/api.w.org\/{rel}","templated":true}]}}