{"id":2388,"date":"2024-08-16T11:29:29","date_gmt":"2024-08-16T11:29:29","guid":{"rendered":"https:\/\/dignita.ro\/?post_type=product&#038;p=2388"},"modified":"2025-04-10T17:06:39","modified_gmt":"2025-04-10T17:06:39","slug":"lant-redemption","status":"publish","type":"product","link":"https:\/\/dignita.ro\/ro\/produs\/lant-redemption\/","title":{"rendered":"Lan\u021b Redemption"},"content":{"rendered":"<p>Lan\u021b b\u0103rba\u021bi personalizat &#8211; este accesoriul perfect pentru purtare zilnic\u0103. Ceea ce \u00eel face deosebit este faptul c\u0103 este unic. Pe verso, pandantivul are gravat pe spate &#8222;For all have sinned and fall short of the glory of God, and all are justified freely by His Grace through the redemption that came by Christ Jesus. &#8211; Romans 3:23-24&#8221;.<\/p>\n<p>Material: metal<\/p>\n","protected":false},"excerpt":{"rendered":"<p>Lan\u021b b\u0103rba\u021bi personalizat &#8211; este accesoriul perfect pentru purtare zilnic\u0103. Ceea ce \u00eel face deosebit este faptul c\u0103 este unic. Pe verso, pandantivul are gravat pe spate &#8222;For all have sinned and fall short of the glory of God, and all are justified freely by His Grace through the redemption that came by Christ Jesus. &#8211; Romans 3:23-24&#8221;.<\/p>\n<p>Material: metal<\/p>\n","protected":false},"featured_media":6952,"comment_status":"open","ping_status":"closed","template":"","meta":{"_seopress_robots_primary_cat":"none","_seopress_titles_title":"","_seopress_titles_desc":"","_seopress_robots_index":""},"product_brand":[],"product_cat":[67],"product_tag":[],"class_list":{"0":"post-2388","1":"product","2":"type-product","3":"status-publish","4":"has-post-thumbnail","6":"product_cat-bijuterii","7":"post-wrapper","8":"thrv_wrapper","10":"first","11":"instock","12":"shipping-taxable","13":"purchasable","14":"product-type-simple"},"_links":{"self":[{"href":"https:\/\/dignita.ro\/ro\/wp-json\/wp\/v2\/product\/2388","targetHints":{"allow":["GET"]}}],"collection":[{"href":"https:\/\/dignita.ro\/ro\/wp-json\/wp\/v2\/product"}],"about":[{"href":"https:\/\/dignita.ro\/ro\/wp-json\/wp\/v2\/types\/product"}],"replies":[{"embeddable":true,"href":"https:\/\/dignita.ro\/ro\/wp-json\/wp\/v2\/comments?post=2388"}],"wp:featuredmedia":[{"embeddable":true,"href":"https:\/\/dignita.ro\/ro\/wp-json\/wp\/v2\/media\/6952"}],"wp:attachment":[{"href":"https:\/\/dignita.ro\/ro\/wp-json\/wp\/v2\/media?parent=2388"}],"wp:term":[{"taxonomy":"product_brand","embeddable":true,"href":"https:\/\/dignita.ro\/ro\/wp-json\/wp\/v2\/product_brand?post=2388"},{"taxonomy":"product_cat","embeddable":true,"href":"https:\/\/dignita.ro\/ro\/wp-json\/wp\/v2\/product_cat?post=2388"},{"taxonomy":"product_tag","embeddable":true,"href":"https:\/\/dignita.ro\/ro\/wp-json\/wp\/v2\/product_tag?post=2388"}],"curies":[{"name":"wp","href":"https:\/\/api.w.org\/{rel}","templated":true}]}}