{"id":2381,"date":"2024-08-16T11:24:23","date_gmt":"2024-08-16T11:24:23","guid":{"rendered":"https:\/\/dignita.ro\/?post_type=product&#038;p=2381"},"modified":"2025-04-10T17:03:07","modified_gmt":"2025-04-10T17:03:07","slug":"bratara-dove","status":"publish","type":"product","link":"https:\/\/dignita.ro\/ro\/produs\/bratara-dove\/","title":{"rendered":"Br\u0103\u021bar\u0103 Dove"},"content":{"rendered":"<p>Descoper\u0103 aceast\u0103 br\u0103\u021bar\u0103 elegant\u0103 \u0219i plin\u0103 de stil care \u00ee\u021bi va completa \u021binuta \u00eentr-un mod armonios.<\/p>\n","protected":false},"excerpt":{"rendered":"<p>Descoper\u0103 aceast\u0103 br\u0103\u021bar\u0103 elegant\u0103 \u0219i plin\u0103 de stil care \u00ee\u021bi va completa \u021binuta \u00eentr-un mod armonios.<\/p>\n","protected":false},"featured_media":6949,"comment_status":"open","ping_status":"closed","template":"","meta":{"_seopress_robots_primary_cat":"none","_seopress_titles_title":"","_seopress_titles_desc":"","_seopress_robots_index":""},"product_brand":[],"product_cat":[67],"product_tag":[],"class_list":{"0":"post-2381","1":"product","2":"type-product","3":"status-publish","4":"has-post-thumbnail","6":"product_cat-bijuterii","7":"post-wrapper","8":"thrv_wrapper","10":"first","11":"instock","12":"shipping-taxable","13":"purchasable","14":"product-type-simple"},"_links":{"self":[{"href":"https:\/\/dignita.ro\/ro\/wp-json\/wp\/v2\/product\/2381","targetHints":{"allow":["GET"]}}],"collection":[{"href":"https:\/\/dignita.ro\/ro\/wp-json\/wp\/v2\/product"}],"about":[{"href":"https:\/\/dignita.ro\/ro\/wp-json\/wp\/v2\/types\/product"}],"replies":[{"embeddable":true,"href":"https:\/\/dignita.ro\/ro\/wp-json\/wp\/v2\/comments?post=2381"}],"wp:featuredmedia":[{"embeddable":true,"href":"https:\/\/dignita.ro\/ro\/wp-json\/wp\/v2\/media\/6949"}],"wp:attachment":[{"href":"https:\/\/dignita.ro\/ro\/wp-json\/wp\/v2\/media?parent=2381"}],"wp:term":[{"taxonomy":"product_brand","embeddable":true,"href":"https:\/\/dignita.ro\/ro\/wp-json\/wp\/v2\/product_brand?post=2381"},{"taxonomy":"product_cat","embeddable":true,"href":"https:\/\/dignita.ro\/ro\/wp-json\/wp\/v2\/product_cat?post=2381"},{"taxonomy":"product_tag","embeddable":true,"href":"https:\/\/dignita.ro\/ro\/wp-json\/wp\/v2\/product_tag?post=2381"}],"curies":[{"name":"wp","href":"https:\/\/api.w.org\/{rel}","templated":true}]}}