{"id":2352,"date":"2024-08-16T11:06:55","date_gmt":"2024-08-16T11:06:55","guid":{"rendered":"https:\/\/dignita.ro\/?post_type=product&#038;p=2352"},"modified":"2025-04-10T16:38:50","modified_gmt":"2025-04-10T16:38:50","slug":"pandantiv-butterfly-verde-heart-sign","status":"publish","type":"product","link":"https:\/\/dignita.ro\/ro\/produs\/pandantiv-butterfly-verde-heart-sign\/","title":{"rendered":"Pandantiv Butterfly verde &#8211; Heart sign"},"content":{"rendered":"<p>Pandantivul &#8211; o bijuterie ce poate fi oferit\u0103 cadou persoanelor dragi din via\u021ba ta. Poate fi purtat la g\u00e2t, at\u00e2rnat de un l\u0103n\u021bi\u0219or sau de o panglic\u0103.<\/p>\n","protected":false},"excerpt":{"rendered":"<p>Pandantivul &#8211; o bijuterie ce poate fi oferit\u0103 cadou persoanelor dragi din via\u021ba ta. Poate fi purtat la g\u00e2t, at\u00e2rnat de un l\u0103n\u021bi\u0219or sau de o panglic\u0103.<\/p>\n","protected":false},"featured_media":6933,"comment_status":"open","ping_status":"closed","template":"","meta":{"_seopress_robots_primary_cat":"none","_seopress_titles_title":"","_seopress_titles_desc":"","_seopress_robots_index":""},"product_brand":[],"product_cat":[67],"product_tag":[],"class_list":{"0":"post-2352","1":"product","2":"type-product","3":"status-publish","4":"has-post-thumbnail","6":"product_cat-bijuterii","7":"post-wrapper","8":"thrv_wrapper","10":"first","11":"instock","12":"shipping-taxable","13":"purchasable","14":"product-type-simple"},"_links":{"self":[{"href":"https:\/\/dignita.ro\/ro\/wp-json\/wp\/v2\/product\/2352","targetHints":{"allow":["GET"]}}],"collection":[{"href":"https:\/\/dignita.ro\/ro\/wp-json\/wp\/v2\/product"}],"about":[{"href":"https:\/\/dignita.ro\/ro\/wp-json\/wp\/v2\/types\/product"}],"replies":[{"embeddable":true,"href":"https:\/\/dignita.ro\/ro\/wp-json\/wp\/v2\/comments?post=2352"}],"wp:featuredmedia":[{"embeddable":true,"href":"https:\/\/dignita.ro\/ro\/wp-json\/wp\/v2\/media\/6933"}],"wp:attachment":[{"href":"https:\/\/dignita.ro\/ro\/wp-json\/wp\/v2\/media?parent=2352"}],"wp:term":[{"taxonomy":"product_brand","embeddable":true,"href":"https:\/\/dignita.ro\/ro\/wp-json\/wp\/v2\/product_brand?post=2352"},{"taxonomy":"product_cat","embeddable":true,"href":"https:\/\/dignita.ro\/ro\/wp-json\/wp\/v2\/product_cat?post=2352"},{"taxonomy":"product_tag","embeddable":true,"href":"https:\/\/dignita.ro\/ro\/wp-json\/wp\/v2\/product_tag?post=2352"}],"curies":[{"name":"wp","href":"https:\/\/api.w.org\/{rel}","templated":true}]}}