{"id":2318,"date":"2024-08-15T16:56:08","date_gmt":"2024-08-15T16:56:08","guid":{"rendered":"https:\/\/dignita.ro\/?post_type=product&#038;p=2318"},"modified":"2025-04-10T16:16:27","modified_gmt":"2025-04-10T16:16:27","slug":"bratara-silver-faith","status":"publish","type":"product","link":"https:\/\/dignita.ro\/ro\/produs\/bratara-silver-faith\/","title":{"rendered":"Br\u0103\u021bar\u0103 silver Faith"},"content":{"rendered":"<p>Br\u0103\u021bara Faith este un accesoriu care exprim\u0103 feminitate, delicate\u021be, sensibilitate. Creeaz\u0103 o impresie de tinere\u021be atemporal\u0103. Reprezint\u0103 alegerea potrivit\u0103 at\u00e2t pentru zi, c\u00e2t \u0219i pentru sear\u0103.<\/p>\n","protected":false},"excerpt":{"rendered":"<p>Br\u0103\u021bara Faith este un accesoriu care exprim\u0103 feminitate, delicate\u021be, sensibilitate. Creeaz\u0103 o impresie de tinere\u021be atemporal\u0103. Reprezint\u0103 alegerea potrivit\u0103 at\u00e2t pentru zi, c\u00e2t \u0219i pentru sear\u0103.<\/p>\n","protected":false},"featured_media":6916,"comment_status":"open","ping_status":"closed","template":"","meta":{"_seopress_robots_primary_cat":"none","_seopress_titles_title":"","_seopress_titles_desc":"","_seopress_robots_index":""},"product_brand":[],"product_cat":[67],"product_tag":[],"class_list":{"0":"post-2318","1":"product","2":"type-product","3":"status-publish","4":"has-post-thumbnail","6":"product_cat-bijuterii","7":"post-wrapper","8":"thrv_wrapper","10":"first","11":"instock","12":"shipping-taxable","13":"purchasable","14":"product-type-simple"},"_links":{"self":[{"href":"https:\/\/dignita.ro\/ro\/wp-json\/wp\/v2\/product\/2318","targetHints":{"allow":["GET"]}}],"collection":[{"href":"https:\/\/dignita.ro\/ro\/wp-json\/wp\/v2\/product"}],"about":[{"href":"https:\/\/dignita.ro\/ro\/wp-json\/wp\/v2\/types\/product"}],"replies":[{"embeddable":true,"href":"https:\/\/dignita.ro\/ro\/wp-json\/wp\/v2\/comments?post=2318"}],"wp:featuredmedia":[{"embeddable":true,"href":"https:\/\/dignita.ro\/ro\/wp-json\/wp\/v2\/media\/6916"}],"wp:attachment":[{"href":"https:\/\/dignita.ro\/ro\/wp-json\/wp\/v2\/media?parent=2318"}],"wp:term":[{"taxonomy":"product_brand","embeddable":true,"href":"https:\/\/dignita.ro\/ro\/wp-json\/wp\/v2\/product_brand?post=2318"},{"taxonomy":"product_cat","embeddable":true,"href":"https:\/\/dignita.ro\/ro\/wp-json\/wp\/v2\/product_cat?post=2318"},{"taxonomy":"product_tag","embeddable":true,"href":"https:\/\/dignita.ro\/ro\/wp-json\/wp\/v2\/product_tag?post=2318"}],"curies":[{"name":"wp","href":"https:\/\/api.w.org\/{rel}","templated":true}]}}