{"id":2224,"date":"2024-08-15T16:24:26","date_gmt":"2024-08-15T16:24:26","guid":{"rendered":"https:\/\/dignita.ro\/?post_type=product&#038;p=2224"},"modified":"2025-04-05T14:10:53","modified_gmt":"2025-04-05T14:10:53","slug":"bratara-divinity-rosie-cruce-silver","status":"publish","type":"product","link":"https:\/\/dignita.ro\/ro\/produs\/bratara-divinity-rosie-cruce-silver\/","title":{"rendered":"Br\u0103\u021bar\u0103 Divinity Ro\u0219ie- Cruce Silver"},"content":{"rendered":"<p>Aceast\u0103 br\u0103\u021bar\u0103 reprezint\u0103 un accesoriu vibrant care va ad\u0103uga o not\u0103 de fine\u021be outfit-ului t\u0103u av\u00e2nd ca pies\u0103 central\u0103 semnul crucii. Aceast\u0103 cruce adorabil\u0103 te va ajuta s\u0103-\u021bi aminte\u0219ti de Isus \u0219i de jertfa Lui pentru tine. De fiecare dat\u0103 c\u00e2nd o vei purta \u021bi se va aminti de frumuse\u021bea \u0219i harul lui Dumnezeu al\u0103turi de iubirea Sa pentru tine.<\/p>\n<p>Culoare: ro\u0219ie<\/p>\n<p>Cruce: silver<\/p>\n<p>Material: o\u021bel inoxidabil<\/p>\n","protected":false},"excerpt":{"rendered":"<p>Aceast\u0103 br\u0103\u021bar\u0103 reprezint\u0103 un accesoriu vibrant care va ad\u0103uga o not\u0103 de fine\u021be outfit-ului t\u0103u av\u00e2nd ca pies\u0103 central\u0103 semnul crucii. Aceast\u0103 cruce adorabil\u0103 te va ajuta s\u0103-\u021bi aminte\u0219ti de Isus \u0219i de jertfa Lui pentru tine. De fiecare dat\u0103 c\u00e2nd o vei purta \u021bi se va aminti de frumuse\u021bea \u0219i harul lui Dumnezeu al\u0103turi de iubirea Sa pentru tine.<\/p>\n<p>Culoare: ro\u0219ie<\/p>\n<p>Cruce: silver<\/p>\n<p>Material: o\u021bel inoxidabil<\/p>\n","protected":false},"featured_media":6877,"comment_status":"open","ping_status":"closed","template":"","meta":{"_seopress_robots_primary_cat":"none","_seopress_titles_title":"","_seopress_titles_desc":"","_seopress_robots_index":""},"product_brand":[],"product_cat":[67],"product_tag":[],"class_list":{"0":"post-2224","1":"product","2":"type-product","3":"status-publish","4":"has-post-thumbnail","6":"product_cat-bijuterii","7":"post-wrapper","8":"thrv_wrapper","10":"first","11":"instock","12":"shipping-taxable","13":"purchasable","14":"product-type-simple"},"_links":{"self":[{"href":"https:\/\/dignita.ro\/ro\/wp-json\/wp\/v2\/product\/2224","targetHints":{"allow":["GET"]}}],"collection":[{"href":"https:\/\/dignita.ro\/ro\/wp-json\/wp\/v2\/product"}],"about":[{"href":"https:\/\/dignita.ro\/ro\/wp-json\/wp\/v2\/types\/product"}],"replies":[{"embeddable":true,"href":"https:\/\/dignita.ro\/ro\/wp-json\/wp\/v2\/comments?post=2224"}],"wp:featuredmedia":[{"embeddable":true,"href":"https:\/\/dignita.ro\/ro\/wp-json\/wp\/v2\/media\/6877"}],"wp:attachment":[{"href":"https:\/\/dignita.ro\/ro\/wp-json\/wp\/v2\/media?parent=2224"}],"wp:term":[{"taxonomy":"product_brand","embeddable":true,"href":"https:\/\/dignita.ro\/ro\/wp-json\/wp\/v2\/product_brand?post=2224"},{"taxonomy":"product_cat","embeddable":true,"href":"https:\/\/dignita.ro\/ro\/wp-json\/wp\/v2\/product_cat?post=2224"},{"taxonomy":"product_tag","embeddable":true,"href":"https:\/\/dignita.ro\/ro\/wp-json\/wp\/v2\/product_tag?post=2224"}],"curies":[{"name":"wp","href":"https:\/\/api.w.org\/{rel}","templated":true}]}}