{"id":2197,"date":"2024-08-15T16:10:29","date_gmt":"2024-08-15T16:10:29","guid":{"rendered":"https:\/\/dignita.ro\/?post_type=product&#038;p=2197"},"modified":"2025-04-05T12:58:54","modified_gmt":"2025-04-05T12:58:54","slug":"bratara-adjustabila-anchor","status":"publish","type":"product","link":"https:\/\/dignita.ro\/ro\/produs\/bratara-adjustabila-anchor\/","title":{"rendered":"Br\u0103\u021bar\u0103 adjustabil\u0103 Anchor"},"content":{"rendered":"<p>Br\u0103\u021bara adjustabil\u0103 Anchor exprim\u0103 ideea de libertate, putere \u0219i autenticitate. Aceast\u0103 br\u0103\u021bar\u0103 reprezint\u0103 un cadou ideal sau o surs\u0103 de inspira\u021bie pentru a v\u0103 aminti de dragostea \u0219i credincio\u0219ia lui Dumnezeu.<\/p>\n","protected":false},"excerpt":{"rendered":"<p>Br\u0103\u021bara adjustabil\u0103 Anchor exprim\u0103 ideea de libertate, putere \u0219i autenticitate. Aceast\u0103 br\u0103\u021bar\u0103 reprezint\u0103 un cadou ideal sau o surs\u0103 de inspira\u021bie pentru a v\u0103 aminti de dragostea \u0219i credincio\u0219ia lui Dumnezeu.<\/p>\n","protected":false},"featured_media":6860,"comment_status":"open","ping_status":"closed","template":"","meta":{"_seopress_robots_primary_cat":"none","_seopress_titles_title":"","_seopress_titles_desc":"","_seopress_robots_index":""},"product_brand":[],"product_cat":[67],"product_tag":[],"class_list":{"0":"post-2197","1":"product","2":"type-product","3":"status-publish","4":"has-post-thumbnail","6":"product_cat-bijuterii","7":"post-wrapper","8":"thrv_wrapper","10":"first","11":"instock","12":"shipping-taxable","13":"purchasable","14":"product-type-simple"},"_links":{"self":[{"href":"https:\/\/dignita.ro\/ro\/wp-json\/wp\/v2\/product\/2197","targetHints":{"allow":["GET"]}}],"collection":[{"href":"https:\/\/dignita.ro\/ro\/wp-json\/wp\/v2\/product"}],"about":[{"href":"https:\/\/dignita.ro\/ro\/wp-json\/wp\/v2\/types\/product"}],"replies":[{"embeddable":true,"href":"https:\/\/dignita.ro\/ro\/wp-json\/wp\/v2\/comments?post=2197"}],"wp:featuredmedia":[{"embeddable":true,"href":"https:\/\/dignita.ro\/ro\/wp-json\/wp\/v2\/media\/6860"}],"wp:attachment":[{"href":"https:\/\/dignita.ro\/ro\/wp-json\/wp\/v2\/media?parent=2197"}],"wp:term":[{"taxonomy":"product_brand","embeddable":true,"href":"https:\/\/dignita.ro\/ro\/wp-json\/wp\/v2\/product_brand?post=2197"},{"taxonomy":"product_cat","embeddable":true,"href":"https:\/\/dignita.ro\/ro\/wp-json\/wp\/v2\/product_cat?post=2197"},{"taxonomy":"product_tag","embeddable":true,"href":"https:\/\/dignita.ro\/ro\/wp-json\/wp\/v2\/product_tag?post=2197"}],"curies":[{"name":"wp","href":"https:\/\/api.w.org\/{rel}","templated":true}]}}