{"id":2173,"date":"2024-08-15T16:02:26","date_gmt":"2024-08-15T16:02:26","guid":{"rendered":"https:\/\/dignita.ro\/?post_type=product&#038;p=2173"},"modified":"2025-04-05T12:36:11","modified_gmt":"2025-04-05T12:36:11","slug":"bratara-adjustabila-ixoye","status":"publish","type":"product","link":"https:\/\/dignita.ro\/ro\/produs\/bratara-adjustabila-ixoye\/","title":{"rendered":"Br\u0103\u021bar\u0103 adjustabil\u0103 Ixoye"},"content":{"rendered":"<p>Br\u0103\u021bar\u0103 adjustabil\u0103 cu o plac\u0103 de metal pozi\u021bionat\u0103 central. Pe aceasta este inscrip\u021bionat mesajul &#8222;IXOYE&#8221;. \u0218nurul este realizat dintr-un material rezistent, ceea ce \u00eei ofer\u0103 durabilitate \u00een timp. \u00cen plus, este cadoul ideal pentru cineva drag<\/p>\n","protected":false},"excerpt":{"rendered":"<p>Br\u0103\u021bar\u0103 adjustabil\u0103 cu o plac\u0103 de metal pozi\u021bionat\u0103 central. Pe aceasta este inscrip\u021bionat mesajul &#8222;IXOYE&#8221;. \u0218nurul este realizat dintr-un material rezistent, ceea ce \u00eei ofer\u0103 durabilitate \u00een timp. \u00cen plus, este cadoul ideal pentru cineva drag<\/p>\n","protected":false},"featured_media":6852,"comment_status":"open","ping_status":"closed","template":"","meta":{"_seopress_robots_primary_cat":"none","_seopress_titles_title":"","_seopress_titles_desc":"","_seopress_robots_index":""},"product_brand":[],"product_cat":[67],"product_tag":[],"class_list":{"0":"post-2173","1":"product","2":"type-product","3":"status-publish","4":"has-post-thumbnail","6":"product_cat-bijuterii","7":"post-wrapper","8":"thrv_wrapper","10":"first","11":"instock","12":"shipping-taxable","13":"purchasable","14":"product-type-simple"},"_links":{"self":[{"href":"https:\/\/dignita.ro\/ro\/wp-json\/wp\/v2\/product\/2173","targetHints":{"allow":["GET"]}}],"collection":[{"href":"https:\/\/dignita.ro\/ro\/wp-json\/wp\/v2\/product"}],"about":[{"href":"https:\/\/dignita.ro\/ro\/wp-json\/wp\/v2\/types\/product"}],"replies":[{"embeddable":true,"href":"https:\/\/dignita.ro\/ro\/wp-json\/wp\/v2\/comments?post=2173"}],"wp:featuredmedia":[{"embeddable":true,"href":"https:\/\/dignita.ro\/ro\/wp-json\/wp\/v2\/media\/6852"}],"wp:attachment":[{"href":"https:\/\/dignita.ro\/ro\/wp-json\/wp\/v2\/media?parent=2173"}],"wp:term":[{"taxonomy":"product_brand","embeddable":true,"href":"https:\/\/dignita.ro\/ro\/wp-json\/wp\/v2\/product_brand?post=2173"},{"taxonomy":"product_cat","embeddable":true,"href":"https:\/\/dignita.ro\/ro\/wp-json\/wp\/v2\/product_cat?post=2173"},{"taxonomy":"product_tag","embeddable":true,"href":"https:\/\/dignita.ro\/ro\/wp-json\/wp\/v2\/product_tag?post=2173"}],"curies":[{"name":"wp","href":"https:\/\/api.w.org\/{rel}","templated":true}]}}