{"id":1910,"date":"2024-08-12T12:14:40","date_gmt":"2024-08-12T12:14:40","guid":{"rendered":"https:\/\/dignita.ro\/?post_type=product&#038;p=1910"},"modified":"2025-04-04T09:58:34","modified_gmt":"2025-04-04T09:58:34","slug":"bratara-jesus-eternal-love","status":"publish","type":"product","link":"https:\/\/dignita.ro\/ro\/produs\/bratara-jesus-eternal-love\/","title":{"rendered":"Br\u0103\u021bar\u0103 Jesus eternal love"},"content":{"rendered":"<p>Br\u0103\u021bara Jesus eternal love este o br\u0103\u021bar\u0103 handmade \u00een stil boho. Exprim\u0103 ideea de libertate, confort \u0219i autenticitate. Aceast\u0103 br\u0103\u021bar\u0103 reprezint\u0103 un cadou ideal sau o surs\u0103 de inspira\u021bie pentru a v\u0103 aminti de dragostea \u0219i credincio\u0219ia lui Dumnezeu. Este compus\u0103 din trei straturi de material negru \u0219i mov.<\/p>\n","protected":false},"excerpt":{"rendered":"<p>Br\u0103\u021bara Jesus eternal love este o br\u0103\u021bar\u0103 handmade \u00een stil boho. Exprim\u0103 ideea de libertate, confort \u0219i autenticitate. Aceast\u0103 br\u0103\u021bar\u0103 reprezint\u0103 un cadou ideal sau o surs\u0103 de inspira\u021bie pentru a v\u0103 aminti de dragostea \u0219i credincio\u0219ia lui Dumnezeu. Este compus\u0103 din trei straturi de material negru \u0219i mov.<\/p>\n","protected":false},"featured_media":6713,"comment_status":"open","ping_status":"closed","template":"","meta":{"_seopress_robots_primary_cat":"none","_seopress_titles_title":"","_seopress_titles_desc":"","_seopress_robots_index":""},"product_brand":[],"product_cat":[67],"product_tag":[],"class_list":{"0":"post-1910","1":"product","2":"type-product","3":"status-publish","4":"has-post-thumbnail","6":"product_cat-bijuterii","7":"post-wrapper","8":"thrv_wrapper","10":"first","11":"instock","12":"shipping-taxable","13":"purchasable","14":"product-type-simple"},"_links":{"self":[{"href":"https:\/\/dignita.ro\/ro\/wp-json\/wp\/v2\/product\/1910","targetHints":{"allow":["GET"]}}],"collection":[{"href":"https:\/\/dignita.ro\/ro\/wp-json\/wp\/v2\/product"}],"about":[{"href":"https:\/\/dignita.ro\/ro\/wp-json\/wp\/v2\/types\/product"}],"replies":[{"embeddable":true,"href":"https:\/\/dignita.ro\/ro\/wp-json\/wp\/v2\/comments?post=1910"}],"wp:featuredmedia":[{"embeddable":true,"href":"https:\/\/dignita.ro\/ro\/wp-json\/wp\/v2\/media\/6713"}],"wp:attachment":[{"href":"https:\/\/dignita.ro\/ro\/wp-json\/wp\/v2\/media?parent=1910"}],"wp:term":[{"taxonomy":"product_brand","embeddable":true,"href":"https:\/\/dignita.ro\/ro\/wp-json\/wp\/v2\/product_brand?post=1910"},{"taxonomy":"product_cat","embeddable":true,"href":"https:\/\/dignita.ro\/ro\/wp-json\/wp\/v2\/product_cat?post=1910"},{"taxonomy":"product_tag","embeddable":true,"href":"https:\/\/dignita.ro\/ro\/wp-json\/wp\/v2\/product_tag?post=1910"}],"curies":[{"name":"wp","href":"https:\/\/api.w.org\/{rel}","templated":true}]}}