{"id":1889,"date":"2024-08-12T12:07:38","date_gmt":"2024-08-12T12:07:38","guid":{"rendered":"https:\/\/dignita.ro\/?post_type=product&#038;p=1889"},"modified":"2025-04-04T09:16:34","modified_gmt":"2025-04-04T09:16:34","slug":"bratara-material-zebra","status":"publish","type":"product","link":"https:\/\/dignita.ro\/ro\/produs\/bratara-material-zebra\/","title":{"rendered":"Br\u0103\u021bar\u0103 material Zebra"},"content":{"rendered":"<p>Aceast\u0103 br\u0103\u021bar\u0103 reprezint\u0103 un accesoriu vibrant care va ad\u0103uga o not\u0103 de unicitate outfit-ului t\u0103u. Realizat dintr-o \u021bes\u0103tur\u0103 pl\u0103cut\u0103 la atingere av\u00e2nd care are ca pies\u0103 central\u0103 semnul crucii. Este alegerea perfect\u0103 pentru cele care caut\u0103 s\u0103 adauge un strop de originalitate \u0219i frumuse\u021be \u00een stilul lor. Material: textil Culoare: Zebra animal print<\/p>\n","protected":false},"excerpt":{"rendered":"<p>Aceast\u0103 br\u0103\u021bar\u0103 reprezint\u0103 un accesoriu vibrant care va ad\u0103uga o not\u0103 de unicitate outfit-ului t\u0103u. Realizat dintr-o \u021bes\u0103tur\u0103 pl\u0103cut\u0103 la atingere av\u00e2nd care are ca pies\u0103 central\u0103 semnul crucii. Este alegerea perfect\u0103 pentru cele care caut\u0103 s\u0103 adauge un strop de originalitate \u0219i frumuse\u021be \u00een stilul lor. Material: textil Culoare: Zebra animal print<\/p>\n","protected":false},"featured_media":6695,"comment_status":"open","ping_status":"closed","template":"","meta":{"_seopress_robots_primary_cat":"none","_seopress_titles_title":"","_seopress_titles_desc":"","_seopress_robots_index":""},"product_brand":[],"product_cat":[67],"product_tag":[],"class_list":{"0":"post-1889","1":"product","2":"type-product","3":"status-publish","4":"has-post-thumbnail","6":"product_cat-bijuterii","7":"post-wrapper","8":"thrv_wrapper","10":"first","11":"instock","12":"shipping-taxable","13":"purchasable","14":"product-type-simple"},"_links":{"self":[{"href":"https:\/\/dignita.ro\/ro\/wp-json\/wp\/v2\/product\/1889","targetHints":{"allow":["GET"]}}],"collection":[{"href":"https:\/\/dignita.ro\/ro\/wp-json\/wp\/v2\/product"}],"about":[{"href":"https:\/\/dignita.ro\/ro\/wp-json\/wp\/v2\/types\/product"}],"replies":[{"embeddable":true,"href":"https:\/\/dignita.ro\/ro\/wp-json\/wp\/v2\/comments?post=1889"}],"wp:featuredmedia":[{"embeddable":true,"href":"https:\/\/dignita.ro\/ro\/wp-json\/wp\/v2\/media\/6695"}],"wp:attachment":[{"href":"https:\/\/dignita.ro\/ro\/wp-json\/wp\/v2\/media?parent=1889"}],"wp:term":[{"taxonomy":"product_brand","embeddable":true,"href":"https:\/\/dignita.ro\/ro\/wp-json\/wp\/v2\/product_brand?post=1889"},{"taxonomy":"product_cat","embeddable":true,"href":"https:\/\/dignita.ro\/ro\/wp-json\/wp\/v2\/product_cat?post=1889"},{"taxonomy":"product_tag","embeddable":true,"href":"https:\/\/dignita.ro\/ro\/wp-json\/wp\/v2\/product_tag?post=1889"}],"curies":[{"name":"wp","href":"https:\/\/api.w.org\/{rel}","templated":true}]}}