{"id":1875,"date":"2024-08-12T12:02:58","date_gmt":"2024-08-12T12:02:58","guid":{"rendered":"https:\/\/dignita.ro\/?post_type=product&#038;p=1875"},"modified":"2025-04-04T09:05:32","modified_gmt":"2025-04-04T09:05:32","slug":"bratara-survivor","status":"publish","type":"product","link":"https:\/\/dignita.ro\/ro\/produs\/bratara-survivor\/","title":{"rendered":"Br\u0103\u021bar\u0103 Survivor"},"content":{"rendered":"<p>Fie c\u0103 sunte\u021bi un pasionat de aer liber sau o persona\u0103 care apreciaz\u0103 at\u00e2t stilul c\u00e2t \u0219i func\u021bionalitatea, br\u0103\u021bara noastr\u0103 personalizat\u0103 este perfect conceput\u0103 pentru a r\u0103spunde nevoilor dumneavoastr\u0103. Aceast\u0103 br\u0103\u021bar\u0103 care exprim\u0103 o stare de \u00eenving\u0103tor datorat\u0103 mesajului inscrip\u021bionat pe aceasta &#8222;The Lord is my rock, my fortress and my deliverer &#8211; Psalm 18:2&#8221;.<\/p>\n<p>Material: textil<\/p>\n<p>Culoare: Olive<\/p>\n","protected":false},"excerpt":{"rendered":"<p>Fie c\u0103 sunte\u021bi un pasionat de aer liber sau o persona\u0103 care apreciaz\u0103 at\u00e2t stilul c\u00e2t \u0219i func\u021bionalitatea, br\u0103\u021bara noastr\u0103 personalizat\u0103 este perfect conceput\u0103 pentru a r\u0103spunde nevoilor dumneavoastr\u0103. Aceast\u0103 br\u0103\u021bar\u0103 care exprim\u0103 o stare de \u00eenving\u0103tor datorat\u0103 mesajului inscrip\u021bionat pe aceasta &#8222;The Lord is my rock, my fortress and my deliverer &#8211; Psalm 18:2&#8221;.<\/p>\n<p>Material: textil<\/p>\n<p>Culoare: Olive<\/p>\n","protected":false},"featured_media":6676,"comment_status":"open","ping_status":"closed","template":"","meta":{"_seopress_robots_primary_cat":"none","_seopress_titles_title":"","_seopress_titles_desc":"","_seopress_robots_index":""},"product_brand":[],"product_cat":[67],"product_tag":[],"class_list":{"0":"post-1875","1":"product","2":"type-product","3":"status-publish","4":"has-post-thumbnail","6":"product_cat-bijuterii","7":"post-wrapper","8":"thrv_wrapper","10":"first","11":"instock","12":"shipping-taxable","13":"purchasable","14":"product-type-simple"},"_links":{"self":[{"href":"https:\/\/dignita.ro\/ro\/wp-json\/wp\/v2\/product\/1875","targetHints":{"allow":["GET"]}}],"collection":[{"href":"https:\/\/dignita.ro\/ro\/wp-json\/wp\/v2\/product"}],"about":[{"href":"https:\/\/dignita.ro\/ro\/wp-json\/wp\/v2\/types\/product"}],"replies":[{"embeddable":true,"href":"https:\/\/dignita.ro\/ro\/wp-json\/wp\/v2\/comments?post=1875"}],"wp:featuredmedia":[{"embeddable":true,"href":"https:\/\/dignita.ro\/ro\/wp-json\/wp\/v2\/media\/6676"}],"wp:attachment":[{"href":"https:\/\/dignita.ro\/ro\/wp-json\/wp\/v2\/media?parent=1875"}],"wp:term":[{"taxonomy":"product_brand","embeddable":true,"href":"https:\/\/dignita.ro\/ro\/wp-json\/wp\/v2\/product_brand?post=1875"},{"taxonomy":"product_cat","embeddable":true,"href":"https:\/\/dignita.ro\/ro\/wp-json\/wp\/v2\/product_cat?post=1875"},{"taxonomy":"product_tag","embeddable":true,"href":"https:\/\/dignita.ro\/ro\/wp-json\/wp\/v2\/product_tag?post=1875"}],"curies":[{"name":"wp","href":"https:\/\/api.w.org\/{rel}","templated":true}]}}