{"id":1858,"date":"2024-08-12T11:55:35","date_gmt":"2024-08-12T11:55:35","guid":{"rendered":"https:\/\/dignita.ro\/?post_type=product&#038;p=1858"},"modified":"2025-04-01T13:24:09","modified_gmt":"2025-04-01T13:24:09","slug":"lant-barbati-fish","status":"publish","type":"product","link":"https:\/\/dignita.ro\/ro\/produs\/lant-barbati-fish\/","title":{"rendered":"Lan\u021b b\u0103rba\u021bi Fish"},"content":{"rendered":"<p>Pe\u0219tele este semnul pe care cre\u0219tinii l-au utilizat de-a lungul istoriei pentru a se identifica. Isus a zis: &#8222;Veni\u021bi dup\u0103 mine \u0219i v\u0103 voi face pescari de oameni&#8221; (Matei 4:19). P\u0103stra\u021bi acest lan\u021b pentru a v\u0103 aminti de credin\u021ba voastr\u0103 \u0219i de nevoia de a \u00eemp\u0103rt\u0103\u0219i c\u0103 Isus Hristos, fiul lui Dumnezeu este Salvatorul vostru. Material: metal<\/p>\n","protected":false},"excerpt":{"rendered":"<p>Pe\u0219tele este semnul pe care cre\u0219tinii l-au utilizat de-a lungul istoriei pentru a se identifica. Isus a zis: &#8222;Veni\u021bi dup\u0103 mine \u0219i v\u0103 voi face pescari de oameni&#8221; (Matei 4:19). P\u0103stra\u021bi acest lan\u021b pentru a v\u0103 aminti de credin\u021ba voastr\u0103 \u0219i de nevoia de a \u00eemp\u0103rt\u0103\u0219i c\u0103 Isus Hristos, fiul lui Dumnezeu este Salvatorul vostru.<\/p>\n<p>Material: metal<\/p>\n","protected":false},"featured_media":6662,"comment_status":"open","ping_status":"closed","template":"","meta":{"_seopress_robots_primary_cat":"none","_seopress_titles_title":"","_seopress_titles_desc":"","_seopress_robots_index":""},"product_brand":[],"product_cat":[67],"product_tag":[],"class_list":{"0":"post-1858","1":"product","2":"type-product","3":"status-publish","4":"has-post-thumbnail","6":"product_cat-bijuterii","7":"post-wrapper","8":"thrv_wrapper","10":"first","11":"instock","12":"shipping-taxable","13":"purchasable","14":"product-type-simple"},"_links":{"self":[{"href":"https:\/\/dignita.ro\/ro\/wp-json\/wp\/v2\/product\/1858","targetHints":{"allow":["GET"]}}],"collection":[{"href":"https:\/\/dignita.ro\/ro\/wp-json\/wp\/v2\/product"}],"about":[{"href":"https:\/\/dignita.ro\/ro\/wp-json\/wp\/v2\/types\/product"}],"replies":[{"embeddable":true,"href":"https:\/\/dignita.ro\/ro\/wp-json\/wp\/v2\/comments?post=1858"}],"wp:featuredmedia":[{"embeddable":true,"href":"https:\/\/dignita.ro\/ro\/wp-json\/wp\/v2\/media\/6662"}],"wp:attachment":[{"href":"https:\/\/dignita.ro\/ro\/wp-json\/wp\/v2\/media?parent=1858"}],"wp:term":[{"taxonomy":"product_brand","embeddable":true,"href":"https:\/\/dignita.ro\/ro\/wp-json\/wp\/v2\/product_brand?post=1858"},{"taxonomy":"product_cat","embeddable":true,"href":"https:\/\/dignita.ro\/ro\/wp-json\/wp\/v2\/product_cat?post=1858"},{"taxonomy":"product_tag","embeddable":true,"href":"https:\/\/dignita.ro\/ro\/wp-json\/wp\/v2\/product_tag?post=1858"}],"curies":[{"name":"wp","href":"https:\/\/api.w.org\/{rel}","templated":true}]}}