{"id":1846,"date":"2024-08-12T11:51:07","date_gmt":"2024-08-12T11:51:07","guid":{"rendered":"https:\/\/dignita.ro\/?post_type=product&#038;p=1846"},"modified":"2025-04-01T12:50:45","modified_gmt":"2025-04-01T12:50:45","slug":"bratara-boho-impletita-brwn","status":"publish","type":"product","link":"https:\/\/dignita.ro\/ro\/produs\/bratara-boho-impletita-brwn\/","title":{"rendered":"Br\u0103\u021bar\u0103 boho \u00eempletit\u0103 Brwn"},"content":{"rendered":"<p>Br\u0103\u021bara Brwn este o br\u0103\u021bar\u0103 handmade \u00een stil boho. Exprim\u0103 ideea de libertate, confort \u0219i autenticitate. Aceast\u0103 br\u0103\u021bar\u0103 reprezint\u0103 un cadou ideal sau o surs\u0103 de inspira\u021bie pentru a v\u0103 aminti de dragostea \u0219i credincio\u0219ia lui Dumnezeu. Este compus\u0103 din trei straturi de piele neagr\u0103 \u00eempodobite cu accesorii mov, aurii \u0219i un pandantiv cruce.<\/p>\n","protected":false},"excerpt":{"rendered":"<p>Br\u0103\u021bara Brwn este o br\u0103\u021bar\u0103 handmade \u00een stil boho. Exprim\u0103 ideea de libertate, confort \u0219i autenticitate. Aceast\u0103 br\u0103\u021bar\u0103 reprezint\u0103 un cadou ideal sau o surs\u0103 de inspira\u021bie pentru a v\u0103 aminti de dragostea \u0219i credincio\u0219ia lui Dumnezeu. Este compus\u0103 din trei straturi de piele neagr\u0103 \u00eempodobite cu accesorii mov, aurii \u0219i un pandantiv cruce.<\/p>\n","protected":false},"featured_media":6654,"comment_status":"open","ping_status":"closed","template":"","meta":{"_seopress_robots_primary_cat":"none","_seopress_titles_title":"","_seopress_titles_desc":"","_seopress_robots_index":""},"product_brand":[],"product_cat":[67],"product_tag":[],"class_list":{"0":"post-1846","1":"product","2":"type-product","3":"status-publish","4":"has-post-thumbnail","6":"product_cat-bijuterii","7":"post-wrapper","8":"thrv_wrapper","10":"first","11":"instock","12":"shipping-taxable","13":"purchasable","14":"product-type-simple"},"_links":{"self":[{"href":"https:\/\/dignita.ro\/ro\/wp-json\/wp\/v2\/product\/1846","targetHints":{"allow":["GET"]}}],"collection":[{"href":"https:\/\/dignita.ro\/ro\/wp-json\/wp\/v2\/product"}],"about":[{"href":"https:\/\/dignita.ro\/ro\/wp-json\/wp\/v2\/types\/product"}],"replies":[{"embeddable":true,"href":"https:\/\/dignita.ro\/ro\/wp-json\/wp\/v2\/comments?post=1846"}],"wp:featuredmedia":[{"embeddable":true,"href":"https:\/\/dignita.ro\/ro\/wp-json\/wp\/v2\/media\/6654"}],"wp:attachment":[{"href":"https:\/\/dignita.ro\/ro\/wp-json\/wp\/v2\/media?parent=1846"}],"wp:term":[{"taxonomy":"product_brand","embeddable":true,"href":"https:\/\/dignita.ro\/ro\/wp-json\/wp\/v2\/product_brand?post=1846"},{"taxonomy":"product_cat","embeddable":true,"href":"https:\/\/dignita.ro\/ro\/wp-json\/wp\/v2\/product_cat?post=1846"},{"taxonomy":"product_tag","embeddable":true,"href":"https:\/\/dignita.ro\/ro\/wp-json\/wp\/v2\/product_tag?post=1846"}],"curies":[{"name":"wp","href":"https:\/\/api.w.org\/{rel}","templated":true}]}}