{"id":1830,"date":"2024-08-12T11:47:11","date_gmt":"2024-08-12T11:47:11","guid":{"rendered":"https:\/\/dignita.ro\/?post_type=product&#038;p=1830"},"modified":"2025-04-01T12:38:35","modified_gmt":"2025-04-01T12:38:35","slug":"bratara-feathers","status":"publish","type":"product","link":"https:\/\/dignita.ro\/ro\/produs\/bratara-feathers\/","title":{"rendered":"Br\u0103\u021bar\u0103 Feathers"},"content":{"rendered":"<p>Ad\u0103poste\u0219te-te sub aripile Domnului \u0219i caut\u0103 ad\u0103post de ispit\u0103 \u0219i \u00eentuneric. Aceast\u0103 br\u0103\u021bar\u0103 solid\u0103 are trei pandantive: o pan\u0103, o cruce \u0219i o etichet\u0103 inscrip\u021bionat\u0103 cu John 3:16 care \u00ee\u021bi spune c\u0103 e\u0219ti iubit\u0103. Este un accesoriu superb pentru a \u00eemp\u0103rt\u0103\u0219i Cuv\u00e2ntul lui Dumnezeu cu prietenele tale.<\/p>\n","protected":false},"excerpt":{"rendered":"<p>Ad\u0103poste\u0219te-te sub aripile Domnului \u0219i caut\u0103 ad\u0103post de ispit\u0103 \u0219i \u00eentuneric. Aceast\u0103 br\u0103\u021bar\u0103 solid\u0103 are trei pandantive: o pan\u0103, o cruce \u0219i o etichet\u0103 inscrip\u021bionat\u0103 cu John 3:16 care \u00ee\u021bi spune c\u0103 e\u0219ti iubit\u0103. Este un accesoriu superb pentru a \u00eemp\u0103rt\u0103\u0219i Cuv\u00e2ntul lui Dumnezeu cu prietenele tale.<\/p>\n","protected":false},"featured_media":6644,"comment_status":"open","ping_status":"closed","template":"","meta":{"_seopress_robots_primary_cat":"none","_seopress_titles_title":"","_seopress_titles_desc":"","_seopress_robots_index":""},"product_brand":[],"product_cat":[67],"product_tag":[],"class_list":{"0":"post-1830","1":"product","2":"type-product","3":"status-publish","4":"has-post-thumbnail","6":"product_cat-bijuterii","7":"post-wrapper","8":"thrv_wrapper","10":"first","11":"instock","12":"shipping-taxable","13":"purchasable","14":"product-type-simple"},"_links":{"self":[{"href":"https:\/\/dignita.ro\/ro\/wp-json\/wp\/v2\/product\/1830","targetHints":{"allow":["GET"]}}],"collection":[{"href":"https:\/\/dignita.ro\/ro\/wp-json\/wp\/v2\/product"}],"about":[{"href":"https:\/\/dignita.ro\/ro\/wp-json\/wp\/v2\/types\/product"}],"replies":[{"embeddable":true,"href":"https:\/\/dignita.ro\/ro\/wp-json\/wp\/v2\/comments?post=1830"}],"wp:featuredmedia":[{"embeddable":true,"href":"https:\/\/dignita.ro\/ro\/wp-json\/wp\/v2\/media\/6644"}],"wp:attachment":[{"href":"https:\/\/dignita.ro\/ro\/wp-json\/wp\/v2\/media?parent=1830"}],"wp:term":[{"taxonomy":"product_brand","embeddable":true,"href":"https:\/\/dignita.ro\/ro\/wp-json\/wp\/v2\/product_brand?post=1830"},{"taxonomy":"product_cat","embeddable":true,"href":"https:\/\/dignita.ro\/ro\/wp-json\/wp\/v2\/product_cat?post=1830"},{"taxonomy":"product_tag","embeddable":true,"href":"https:\/\/dignita.ro\/ro\/wp-json\/wp\/v2\/product_tag?post=1830"}],"curies":[{"name":"wp","href":"https:\/\/api.w.org\/{rel}","templated":true}]}}