{"id":1825,"date":"2024-08-12T11:42:54","date_gmt":"2024-08-12T11:42:54","guid":{"rendered":"https:\/\/dignita.ro\/?post_type=product&#038;p=1825"},"modified":"2025-04-01T12:31:53","modified_gmt":"2025-04-01T12:31:53","slug":"bratara-divinity-i-am-blessed","status":"publish","type":"product","link":"https:\/\/dignita.ro\/ro\/produs\/bratara-divinity-i-am-blessed\/","title":{"rendered":"Br\u0103\u021bar\u0103 Divinity &#8211; I am blessed"},"content":{"rendered":"<p>Br\u0103\u021bara Divinity argintie reprezint\u0103 o modalitate dr\u0103gu\u021b\u0103 \u0219i elegant\u0103 prin care s\u0103-\u021bi aminte\u0219ti mereu c\u00e2t de binecuv\u00e2ntat\u0103 e\u0219ti. Este un cadou at\u00e2t de minunat pentru o prieten\u0103 sau un membru al familiei, pentru a le ar\u0103ta c\u00e2t de mult \u00ee\u021bi pas\u0103 \u0219i pentru a-i ajuta s\u0103-\u0219i aminteasc\u0103 \u00een perioadele mai grele c\u00e2t de binecuv\u00e2nta\u021bi sunt cu adev\u0103rat. Material: o\u021bel inoxidabil<\/p>\n","protected":false},"excerpt":{"rendered":"<p>Br\u0103\u021bara Divinity argintie reprezint\u0103 o modalitate dr\u0103gu\u021b\u0103 \u0219i elegant\u0103 prin care s\u0103-\u021bi aminte\u0219ti mereu c\u00e2t de binecuv\u00e2ntat\u0103 e\u0219ti. Este un cadou at\u00e2t de minunat pentru o prieten\u0103 sau un membru al familiei, pentru a le ar\u0103ta c\u00e2t de mult \u00ee\u021bi pas\u0103 \u0219i pentru a-i ajuta s\u0103-\u0219i aminteasc\u0103 \u00een perioadele mai grele c\u00e2t de binecuv\u00e2nta\u021bi sunt cu adev\u0103rat.<\/p>\n<p>Material: o\u021bel inoxidabil<\/p>\n","protected":false},"featured_media":6634,"comment_status":"open","ping_status":"closed","template":"","meta":{"_seopress_robots_primary_cat":"none","_seopress_titles_title":"","_seopress_titles_desc":"","_seopress_robots_index":""},"product_brand":[],"product_cat":[67],"product_tag":[],"class_list":{"0":"post-1825","1":"product","2":"type-product","3":"status-publish","4":"has-post-thumbnail","6":"product_cat-bijuterii","7":"post-wrapper","8":"thrv_wrapper","10":"first","11":"instock","12":"shipping-taxable","13":"purchasable","14":"product-type-simple"},"_links":{"self":[{"href":"https:\/\/dignita.ro\/ro\/wp-json\/wp\/v2\/product\/1825","targetHints":{"allow":["GET"]}}],"collection":[{"href":"https:\/\/dignita.ro\/ro\/wp-json\/wp\/v2\/product"}],"about":[{"href":"https:\/\/dignita.ro\/ro\/wp-json\/wp\/v2\/types\/product"}],"replies":[{"embeddable":true,"href":"https:\/\/dignita.ro\/ro\/wp-json\/wp\/v2\/comments?post=1825"}],"wp:featuredmedia":[{"embeddable":true,"href":"https:\/\/dignita.ro\/ro\/wp-json\/wp\/v2\/media\/6634"}],"wp:attachment":[{"href":"https:\/\/dignita.ro\/ro\/wp-json\/wp\/v2\/media?parent=1825"}],"wp:term":[{"taxonomy":"product_brand","embeddable":true,"href":"https:\/\/dignita.ro\/ro\/wp-json\/wp\/v2\/product_brand?post=1825"},{"taxonomy":"product_cat","embeddable":true,"href":"https:\/\/dignita.ro\/ro\/wp-json\/wp\/v2\/product_cat?post=1825"},{"taxonomy":"product_tag","embeddable":true,"href":"https:\/\/dignita.ro\/ro\/wp-json\/wp\/v2\/product_tag?post=1825"}],"curies":[{"name":"wp","href":"https:\/\/api.w.org\/{rel}","templated":true}]}}