{"id":1817,"date":"2024-08-12T11:41:01","date_gmt":"2024-08-12T11:41:01","guid":{"rendered":"https:\/\/dignita.ro\/?post_type=product&#038;p=1817"},"modified":"2025-03-31T10:37:02","modified_gmt":"2025-03-31T10:37:02","slug":"bratara-jesus-saves","status":"publish","type":"product","link":"https:\/\/dignita.ro\/ro\/produs\/bratara-jesus-saves\/","title":{"rendered":"Br\u0103\u021bar\u0103 Jesus saves"},"content":{"rendered":"<p>\u021aine\u021bi-v\u0103 tare de credin\u021b\u0103, familie \u0219i libertate atunci c\u00e2nd purta\u021bi aceast\u0103 br\u0103\u021bar\u0103 care exprim\u0103 o stare de \u00eenving\u0103tor datorat\u0103 mesajului inscrip\u021bionat pe aceasta &#8222;Jesus Saves&#8221;. Br\u0103\u021bara este realizat\u0103 din piele maro \u0219i o\u021bel inoxidabil.<\/p>\n","protected":false},"excerpt":{"rendered":"<p>\u021aine\u021bi-v\u0103 tare de credin\u021b\u0103, familie \u0219i libertate atunci c\u00e2nd purta\u021bi aceast\u0103 br\u0103\u021bar\u0103 care exprim\u0103 o stare de \u00eenving\u0103tor datorat\u0103 mesajului inscrip\u021bionat pe aceasta &#8222;Jesus Saves&#8221;. Br\u0103\u021bara este realizat\u0103 din piele maro \u0219i o\u021bel inoxidabil.<\/p>\n","protected":false},"featured_media":6632,"comment_status":"open","ping_status":"closed","template":"","meta":{"_seopress_robots_primary_cat":"none","_seopress_titles_title":"","_seopress_titles_desc":"","_seopress_robots_index":""},"product_brand":[],"product_cat":[67],"product_tag":[],"class_list":{"0":"post-1817","1":"product","2":"type-product","3":"status-publish","4":"has-post-thumbnail","6":"product_cat-bijuterii","7":"post-wrapper","8":"thrv_wrapper","10":"first","11":"instock","12":"shipping-taxable","13":"purchasable","14":"product-type-simple"},"_links":{"self":[{"href":"https:\/\/dignita.ro\/ro\/wp-json\/wp\/v2\/product\/1817","targetHints":{"allow":["GET"]}}],"collection":[{"href":"https:\/\/dignita.ro\/ro\/wp-json\/wp\/v2\/product"}],"about":[{"href":"https:\/\/dignita.ro\/ro\/wp-json\/wp\/v2\/types\/product"}],"replies":[{"embeddable":true,"href":"https:\/\/dignita.ro\/ro\/wp-json\/wp\/v2\/comments?post=1817"}],"wp:featuredmedia":[{"embeddable":true,"href":"https:\/\/dignita.ro\/ro\/wp-json\/wp\/v2\/media\/6632"}],"wp:attachment":[{"href":"https:\/\/dignita.ro\/ro\/wp-json\/wp\/v2\/media?parent=1817"}],"wp:term":[{"taxonomy":"product_brand","embeddable":true,"href":"https:\/\/dignita.ro\/ro\/wp-json\/wp\/v2\/product_brand?post=1817"},{"taxonomy":"product_cat","embeddable":true,"href":"https:\/\/dignita.ro\/ro\/wp-json\/wp\/v2\/product_cat?post=1817"},{"taxonomy":"product_tag","embeddable":true,"href":"https:\/\/dignita.ro\/ro\/wp-json\/wp\/v2\/product_tag?post=1817"}],"curies":[{"name":"wp","href":"https:\/\/api.w.org\/{rel}","templated":true}]}}