{"id":1810,"date":"2024-08-12T11:39:14","date_gmt":"2024-08-12T11:39:14","guid":{"rendered":"https:\/\/dignita.ro\/?post_type=product&#038;p=1810"},"modified":"2025-03-31T10:29:58","modified_gmt":"2025-03-31T10:29:58","slug":"bratara-impletita-nail-cross","status":"publish","type":"product","link":"https:\/\/dignita.ro\/ro\/produs\/bratara-impletita-nail-cross\/","title":{"rendered":"Br\u0103\u021bar\u0103 \u00eempletit\u0103 Nail Cross"},"content":{"rendered":"<p>S\u0103rb\u0103tori\u021bi victoria puternic\u0103 \u0219i emo\u021bionant\u0103 a lui Isus asupra mor\u021bii cu aceast\u0103 br\u0103\u021bar\u0103 \u00eempletit\u0103 din piele maro, realizat\u0103 cu aten\u021bie. Crucea are semnifica\u021bie \u0219i poart\u0103 o greutate doar cu o privire. Cu aceast\u0103 br\u0103\u021bar\u0103 transmite\u021bi un mesaj despre ce \u00eenseamn\u0103 acest simbol pentru dumneavoastr\u0103.<\/p>\n","protected":false},"excerpt":{"rendered":"<p>S\u0103rb\u0103tori\u021bi victoria puternic\u0103 \u0219i emo\u021bionant\u0103 a lui Isus asupra mor\u021bii cu aceast\u0103 br\u0103\u021bar\u0103 \u00eempletit\u0103 din piele maro, realizat\u0103 cu aten\u021bie. Crucea are semnifica\u021bie \u0219i poart\u0103 o greutate doar cu o privire. Cu aceast\u0103 br\u0103\u021bar\u0103 transmite\u021bi un mesaj despre ce \u00eenseamn\u0103 acest simbol pentru dumneavoastr\u0103.<\/p>\n","protected":false},"featured_media":6622,"comment_status":"open","ping_status":"closed","template":"","meta":{"_seopress_robots_primary_cat":"none","_seopress_titles_title":"","_seopress_titles_desc":"","_seopress_robots_index":""},"product_brand":[],"product_cat":[67],"product_tag":[],"class_list":{"0":"post-1810","1":"product","2":"type-product","3":"status-publish","4":"has-post-thumbnail","6":"product_cat-bijuterii","7":"post-wrapper","8":"thrv_wrapper","10":"first","11":"instock","12":"shipping-taxable","13":"purchasable","14":"product-type-simple"},"_links":{"self":[{"href":"https:\/\/dignita.ro\/ro\/wp-json\/wp\/v2\/product\/1810","targetHints":{"allow":["GET"]}}],"collection":[{"href":"https:\/\/dignita.ro\/ro\/wp-json\/wp\/v2\/product"}],"about":[{"href":"https:\/\/dignita.ro\/ro\/wp-json\/wp\/v2\/types\/product"}],"replies":[{"embeddable":true,"href":"https:\/\/dignita.ro\/ro\/wp-json\/wp\/v2\/comments?post=1810"}],"wp:featuredmedia":[{"embeddable":true,"href":"https:\/\/dignita.ro\/ro\/wp-json\/wp\/v2\/media\/6622"}],"wp:attachment":[{"href":"https:\/\/dignita.ro\/ro\/wp-json\/wp\/v2\/media?parent=1810"}],"wp:term":[{"taxonomy":"product_brand","embeddable":true,"href":"https:\/\/dignita.ro\/ro\/wp-json\/wp\/v2\/product_brand?post=1810"},{"taxonomy":"product_cat","embeddable":true,"href":"https:\/\/dignita.ro\/ro\/wp-json\/wp\/v2\/product_cat?post=1810"},{"taxonomy":"product_tag","embeddable":true,"href":"https:\/\/dignita.ro\/ro\/wp-json\/wp\/v2\/product_tag?post=1810"}],"curies":[{"name":"wp","href":"https:\/\/api.w.org\/{rel}","templated":true}]}}