{"id":1785,"date":"2024-08-12T11:26:44","date_gmt":"2024-08-12T11:26:44","guid":{"rendered":"https:\/\/dignita.ro\/?post_type=product&#038;p=1785"},"modified":"2025-03-27T12:09:50","modified_gmt":"2025-03-27T12:09:50","slug":"bratara-adjustabila-friends","status":"publish","type":"product","link":"https:\/\/dignita.ro\/ro\/produs\/bratara-adjustabila-friends\/","title":{"rendered":"Br\u0103\u021bar\u0103 adjustabil\u0103 Friends"},"content":{"rendered":"<p>Br\u0103\u021bar\u0103 adjustabil\u0103 cu textul &#8222;Friends are God&#8217;s way of taking care of us&#8221; inscrip\u021bionat pe metal. \u0218nurul este realizat dintr-un material rezistent, ceea ce \u00eei ofer\u0103 durabilitate \u00een timp. \u00cen plus, este cadoul ideal pentru a celebra prietenia adev\u0103rat\u0103.<\/p>\n","protected":false},"excerpt":{"rendered":"<p>Br\u0103\u021bar\u0103 adjustabil\u0103 cu textul &#8222;Friends are God&#8217;s way of taking care of us&#8221; inscrip\u021bionat pe metal. \u0218nurul este realizat dintr-un material rezistent, ceea ce \u00eei ofer\u0103 durabilitate \u00een timp. \u00cen plus, este cadoul ideal pentru a celebra prietenia adev\u0103rat\u0103.<\/p>\n","protected":false},"featured_media":6548,"comment_status":"open","ping_status":"closed","template":"","meta":{"_seopress_robots_primary_cat":"none","_seopress_titles_title":"","_seopress_titles_desc":"","_seopress_robots_index":""},"product_brand":[],"product_cat":[67],"product_tag":[],"class_list":{"0":"post-1785","1":"product","2":"type-product","3":"status-publish","4":"has-post-thumbnail","6":"product_cat-bijuterii","7":"post-wrapper","8":"thrv_wrapper","10":"first","11":"instock","12":"shipping-taxable","13":"purchasable","14":"product-type-simple"},"_links":{"self":[{"href":"https:\/\/dignita.ro\/ro\/wp-json\/wp\/v2\/product\/1785","targetHints":{"allow":["GET"]}}],"collection":[{"href":"https:\/\/dignita.ro\/ro\/wp-json\/wp\/v2\/product"}],"about":[{"href":"https:\/\/dignita.ro\/ro\/wp-json\/wp\/v2\/types\/product"}],"replies":[{"embeddable":true,"href":"https:\/\/dignita.ro\/ro\/wp-json\/wp\/v2\/comments?post=1785"}],"wp:featuredmedia":[{"embeddable":true,"href":"https:\/\/dignita.ro\/ro\/wp-json\/wp\/v2\/media\/6548"}],"wp:attachment":[{"href":"https:\/\/dignita.ro\/ro\/wp-json\/wp\/v2\/media?parent=1785"}],"wp:term":[{"taxonomy":"product_brand","embeddable":true,"href":"https:\/\/dignita.ro\/ro\/wp-json\/wp\/v2\/product_brand?post=1785"},{"taxonomy":"product_cat","embeddable":true,"href":"https:\/\/dignita.ro\/ro\/wp-json\/wp\/v2\/product_cat?post=1785"},{"taxonomy":"product_tag","embeddable":true,"href":"https:\/\/dignita.ro\/ro\/wp-json\/wp\/v2\/product_tag?post=1785"}],"curies":[{"name":"wp","href":"https:\/\/api.w.org\/{rel}","templated":true}]}}