{"id":1778,"date":"2024-08-12T11:23:50","date_gmt":"2024-08-12T11:23:50","guid":{"rendered":"https:\/\/dignita.ro\/?post_type=product&#038;p=1778"},"modified":"2025-03-27T12:00:37","modified_gmt":"2025-03-27T12:00:37","slug":"lant-barbati-the-way-and-the-truth-and-the-life","status":"publish","type":"product","link":"https:\/\/dignita.ro\/ro\/produs\/lant-barbati-the-way-and-the-truth-and-the-life\/","title":{"rendered":"Lan\u021b b\u0103rba\u021bi The Way and the Truth and the Life"},"content":{"rendered":"<p>Lan\u021b b\u0103rba\u021bi personalizat, gravat cu o cruce &#8211; este accesoriul perfect pentru purtare zilnic\u0103. Ceea ce \u00eel face deosebit este faptul c\u0103 este unic. Pe verso, pandantivul are gravat urm\u0103toarele cuvinte &#8222;The Way and the Truth and the Life&#8221;. Material: metal<\/p>\n","protected":false},"excerpt":{"rendered":"<p>Lan\u021b b\u0103rba\u021bi personalizat, gravat cu o cruce &#8211; este accesoriul perfect pentru purtare zilnic\u0103. Ceea ce \u00eel face deosebit este faptul c\u0103 este unic. Pe verso, pandantivul are gravat urm\u0103toarele cuvinte &#8222;The Way and the Truth and the Life&#8221;. Material: metal<\/p>\n","protected":false},"featured_media":6544,"comment_status":"open","ping_status":"closed","template":"","meta":{"_seopress_robots_primary_cat":"none","_seopress_titles_title":"","_seopress_titles_desc":"","_seopress_robots_index":""},"product_brand":[],"product_cat":[67],"product_tag":[],"class_list":{"0":"post-1778","1":"product","2":"type-product","3":"status-publish","4":"has-post-thumbnail","6":"product_cat-bijuterii","7":"post-wrapper","8":"thrv_wrapper","10":"first","11":"instock","12":"shipping-taxable","13":"purchasable","14":"product-type-simple"},"_links":{"self":[{"href":"https:\/\/dignita.ro\/ro\/wp-json\/wp\/v2\/product\/1778","targetHints":{"allow":["GET"]}}],"collection":[{"href":"https:\/\/dignita.ro\/ro\/wp-json\/wp\/v2\/product"}],"about":[{"href":"https:\/\/dignita.ro\/ro\/wp-json\/wp\/v2\/types\/product"}],"replies":[{"embeddable":true,"href":"https:\/\/dignita.ro\/ro\/wp-json\/wp\/v2\/comments?post=1778"}],"wp:featuredmedia":[{"embeddable":true,"href":"https:\/\/dignita.ro\/ro\/wp-json\/wp\/v2\/media\/6544"}],"wp:attachment":[{"href":"https:\/\/dignita.ro\/ro\/wp-json\/wp\/v2\/media?parent=1778"}],"wp:term":[{"taxonomy":"product_brand","embeddable":true,"href":"https:\/\/dignita.ro\/ro\/wp-json\/wp\/v2\/product_brand?post=1778"},{"taxonomy":"product_cat","embeddable":true,"href":"https:\/\/dignita.ro\/ro\/wp-json\/wp\/v2\/product_cat?post=1778"},{"taxonomy":"product_tag","embeddable":true,"href":"https:\/\/dignita.ro\/ro\/wp-json\/wp\/v2\/product_tag?post=1778"}],"curies":[{"name":"wp","href":"https:\/\/api.w.org\/{rel}","templated":true}]}}