{"id":1769,"date":"2024-08-12T11:21:32","date_gmt":"2024-08-12T11:21:32","guid":{"rendered":"https:\/\/dignita.ro\/?post_type=product&#038;p=1769"},"modified":"2025-03-27T11:25:37","modified_gmt":"2025-03-27T11:25:37","slug":"colier-divinity-i-am-blessed","status":"publish","type":"product","link":"https:\/\/dignita.ro\/ro\/produs\/colier-divinity-i-am-blessed\/","title":{"rendered":"Colier Divinity I am blessed"},"content":{"rendered":"<p>Descoperi\u021bi elegan\u021ba subtil\u0103 a colierului &#8222;Divinity&#8221; &#8211; un set format din l\u0103n\u021bi\u0219or \u0219i pandantivul str\u0103lucitor adaug\u0103 un strop de str\u0103lucire \u0219i rafinament oric\u0103rei \u021binute. Perfect pentru orice ocazie, acest colier v\u0103 va lumina ziua cu elegan\u021b\u0103. Cu o lungime ajustabil\u0103, acest colier se poate adapta cu u\u0219urin\u021b\u0103 la preferin\u021bele dumneavoastr\u0103 personale de stil. Pandantivul are inscrip\u021bionat o cruce \u0219i cuvintele I am blessed. Material: O\u021bel inoxidabil Culoare: argintiu<\/p>\n","protected":false},"excerpt":{"rendered":"<p>Descoperi\u021bi elegan\u021ba subtil\u0103 a colierului &#8222;Divinity&#8221;, este perfect pentru orice ocazie, acest colier v\u0103 va lumina ziua cu elegan\u021b\u0103. Cu o lungime ajustabil\u0103, acest colier se poate adapta cu u\u0219urin\u021b\u0103 la preferin\u021bele dumneavoastr\u0103 personale de stil. Pandantivul are inscrip\u021bionat o cruce \u0219i cuvintele I am blessed. Material: O\u021bel inoxidabil Culoare: argintiu<\/p>\n","protected":false},"featured_media":6536,"comment_status":"open","ping_status":"closed","template":"","meta":{"_seopress_robots_primary_cat":"none","_seopress_titles_title":"","_seopress_titles_desc":"","_seopress_robots_index":""},"product_brand":[],"product_cat":[67],"product_tag":[],"class_list":{"0":"post-1769","1":"product","2":"type-product","3":"status-publish","4":"has-post-thumbnail","6":"product_cat-bijuterii","7":"post-wrapper","8":"thrv_wrapper","10":"first","11":"instock","12":"shipping-taxable","13":"purchasable","14":"product-type-simple"},"_links":{"self":[{"href":"https:\/\/dignita.ro\/ro\/wp-json\/wp\/v2\/product\/1769","targetHints":{"allow":["GET"]}}],"collection":[{"href":"https:\/\/dignita.ro\/ro\/wp-json\/wp\/v2\/product"}],"about":[{"href":"https:\/\/dignita.ro\/ro\/wp-json\/wp\/v2\/types\/product"}],"replies":[{"embeddable":true,"href":"https:\/\/dignita.ro\/ro\/wp-json\/wp\/v2\/comments?post=1769"}],"wp:featuredmedia":[{"embeddable":true,"href":"https:\/\/dignita.ro\/ro\/wp-json\/wp\/v2\/media\/6536"}],"wp:attachment":[{"href":"https:\/\/dignita.ro\/ro\/wp-json\/wp\/v2\/media?parent=1769"}],"wp:term":[{"taxonomy":"product_brand","embeddable":true,"href":"https:\/\/dignita.ro\/ro\/wp-json\/wp\/v2\/product_brand?post=1769"},{"taxonomy":"product_cat","embeddable":true,"href":"https:\/\/dignita.ro\/ro\/wp-json\/wp\/v2\/product_cat?post=1769"},{"taxonomy":"product_tag","embeddable":true,"href":"https:\/\/dignita.ro\/ro\/wp-json\/wp\/v2\/product_tag?post=1769"}],"curies":[{"name":"wp","href":"https:\/\/api.w.org\/{rel}","templated":true}]}}