{"id":1755,"date":"2024-08-12T11:16:00","date_gmt":"2024-08-12T11:16:00","guid":{"rendered":"https:\/\/dignita.ro\/?post_type=product&#038;p=1755"},"modified":"2025-03-27T09:49:53","modified_gmt":"2025-03-27T09:49:53","slug":"bratara-cu-model-floral-textil-cross","status":"publish","type":"product","link":"https:\/\/dignita.ro\/ro\/produs\/bratara-cu-model-floral-textil-cross\/","title":{"rendered":"Br\u0103\u021bar\u0103 cu model floral textil Cross"},"content":{"rendered":"<p>Aceast\u0103 br\u0103\u021bar\u0103 reprezint\u0103 un accesoriu vibrant care va ad\u0103uga o not\u0103 de fine\u021be outfit-ului t\u0103u. Are un design floral, realizat dintr-o \u021bes\u0103tur\u0103 pl\u0103cut\u0103 la atingere av\u00e2nd ca pies\u0103 central\u0103 semnul crucii. Este alegerea perfect\u0103 pentru cele care caut\u0103 s\u0103 adauge un strop de originalitate \u0219i frumuse\u021be \u00een stilul lor. Material: textil<\/p>\n","protected":false},"excerpt":{"rendered":"<p>Aceast\u0103 br\u0103\u021bar\u0103 reprezint\u0103 un accesoriu vibrant care va ad\u0103uga o not\u0103 de fine\u021be outfit-ului t\u0103u. Are un design floral, realizat dintr-o \u021bes\u0103tur\u0103 pl\u0103cut\u0103 la atingere av\u00e2nd ca pies\u0103 central\u0103 semnul crucii. Este alegerea perfect\u0103 pentru cele care caut\u0103 s\u0103 adauge un strop de originalitate \u0219i frumuse\u021be \u00een stilul lor. Material: textil<\/p>\n","protected":false},"featured_media":6530,"comment_status":"open","ping_status":"closed","template":"","meta":{"_seopress_robots_primary_cat":"none","_seopress_titles_title":"","_seopress_titles_desc":"","_seopress_robots_index":""},"product_brand":[],"product_cat":[67],"product_tag":[],"class_list":{"0":"post-1755","1":"product","2":"type-product","3":"status-publish","4":"has-post-thumbnail","6":"product_cat-bijuterii","7":"post-wrapper","8":"thrv_wrapper","10":"first","11":"instock","12":"shipping-taxable","13":"purchasable","14":"product-type-simple"},"_links":{"self":[{"href":"https:\/\/dignita.ro\/ro\/wp-json\/wp\/v2\/product\/1755","targetHints":{"allow":["GET"]}}],"collection":[{"href":"https:\/\/dignita.ro\/ro\/wp-json\/wp\/v2\/product"}],"about":[{"href":"https:\/\/dignita.ro\/ro\/wp-json\/wp\/v2\/types\/product"}],"replies":[{"embeddable":true,"href":"https:\/\/dignita.ro\/ro\/wp-json\/wp\/v2\/comments?post=1755"}],"wp:featuredmedia":[{"embeddable":true,"href":"https:\/\/dignita.ro\/ro\/wp-json\/wp\/v2\/media\/6530"}],"wp:attachment":[{"href":"https:\/\/dignita.ro\/ro\/wp-json\/wp\/v2\/media?parent=1755"}],"wp:term":[{"taxonomy":"product_brand","embeddable":true,"href":"https:\/\/dignita.ro\/ro\/wp-json\/wp\/v2\/product_brand?post=1755"},{"taxonomy":"product_cat","embeddable":true,"href":"https:\/\/dignita.ro\/ro\/wp-json\/wp\/v2\/product_cat?post=1755"},{"taxonomy":"product_tag","embeddable":true,"href":"https:\/\/dignita.ro\/ro\/wp-json\/wp\/v2\/product_tag?post=1755"}],"curies":[{"name":"wp","href":"https:\/\/api.w.org\/{rel}","templated":true}]}}