{"id":1750,"date":"2024-08-12T11:12:29","date_gmt":"2024-08-12T11:12:29","guid":{"rendered":"https:\/\/dignita.ro\/?post_type=product&#038;p=1750"},"modified":"2025-03-25T12:18:05","modified_gmt":"2025-03-25T12:18:05","slug":"bratara-din-silicon-zebra-cross","status":"publish","type":"product","link":"https:\/\/dignita.ro\/ro\/produs\/bratara-din-silicon-zebra-cross\/","title":{"rendered":"Br\u0103\u021bar\u0103 din silicon Zebra Cross"},"content":{"rendered":"<p>Br\u0103\u021bara din silicon Zebra Cross este un accesoriu de mod\u0103 elegant. Are un design modern \u0219i colorat. Datorit\u0103 faptului c\u0103 este fabricat\u0103 din silicon este foarte u\u0219or de cur\u0103\u021bat, totodat\u0103 fiind durabil \u0219i rezistent la deterior\u0103ri mecanice \u0219i condi\u021bii meteorologice nefavorabile. Este potrivit\u0103 pentru persoanele cu piele deosebit de sensibil\u0103, ale c\u0103ror \u00eencheieturi se pot irita astfel atunci c\u00e2nd poart\u0103 o br\u0103\u021bar\u0103 dintr-un alt material. Material: 100% silicon Greutate: 12g\u00a0 \u00a0Culoare principal\u0103: roz<\/p>\n","protected":false},"excerpt":{"rendered":"<p>Br\u0103\u021bar\u0103 din silicon Zebra Cross are un design modern \u0219i colorat, u\u0219or de cur\u0103\u021bat, durabil \u0219i rezistent la deterior\u0103ri. Perfect pentru persoanele cu piele sensibil\u0103.<\/p>\n<p>Material: 100% silicon<\/p>\n<p>Greutate: 12g<\/p>\n<p>Culoare principal\u0103: roz<\/p>\n","protected":false},"featured_media":6505,"comment_status":"open","ping_status":"closed","template":"","meta":{"_seopress_robots_primary_cat":"none","_seopress_titles_title":"","_seopress_titles_desc":"","_seopress_robots_index":""},"product_brand":[],"product_cat":[67],"product_tag":[],"class_list":{"0":"post-1750","1":"product","2":"type-product","3":"status-publish","4":"has-post-thumbnail","6":"product_cat-bijuterii","7":"post-wrapper","8":"thrv_wrapper","10":"first","11":"instock","12":"shipping-taxable","13":"purchasable","14":"product-type-simple"},"_links":{"self":[{"href":"https:\/\/dignita.ro\/ro\/wp-json\/wp\/v2\/product\/1750","targetHints":{"allow":["GET"]}}],"collection":[{"href":"https:\/\/dignita.ro\/ro\/wp-json\/wp\/v2\/product"}],"about":[{"href":"https:\/\/dignita.ro\/ro\/wp-json\/wp\/v2\/types\/product"}],"replies":[{"embeddable":true,"href":"https:\/\/dignita.ro\/ro\/wp-json\/wp\/v2\/comments?post=1750"}],"wp:featuredmedia":[{"embeddable":true,"href":"https:\/\/dignita.ro\/ro\/wp-json\/wp\/v2\/media\/6505"}],"wp:attachment":[{"href":"https:\/\/dignita.ro\/ro\/wp-json\/wp\/v2\/media?parent=1750"}],"wp:term":[{"taxonomy":"product_brand","embeddable":true,"href":"https:\/\/dignita.ro\/ro\/wp-json\/wp\/v2\/product_brand?post=1750"},{"taxonomy":"product_cat","embeddable":true,"href":"https:\/\/dignita.ro\/ro\/wp-json\/wp\/v2\/product_cat?post=1750"},{"taxonomy":"product_tag","embeddable":true,"href":"https:\/\/dignita.ro\/ro\/wp-json\/wp\/v2\/product_tag?post=1750"}],"curies":[{"name":"wp","href":"https:\/\/api.w.org\/{rel}","templated":true}]}}