{"id":1743,"date":"2024-08-09T13:00:57","date_gmt":"2024-08-09T13:00:57","guid":{"rendered":"https:\/\/dignita.ro\/?post_type=product&#038;p=1743"},"modified":"2025-03-25T12:10:10","modified_gmt":"2025-03-25T12:10:10","slug":"curea-chitara-roz","status":"publish","type":"product","link":"https:\/\/dignita.ro\/ro\/produs\/curea-chitara-roz\/","title":{"rendered":"Curea chitar\u0103 roz"},"content":{"rendered":"<p>O curea pentru chitar\u0103 este un accesoriu esen\u021bial pentru orice chitarist. Aceasta este conceput\u0103 pentru a sus\u021bine greutatea chitarei \u0219i pentru a oferi confort \u00een timpul interpret\u0103rii. Designul acesteia adaug\u0103 un plus de stil \u0219i personalitate.<\/p>\n","protected":false},"excerpt":{"rendered":"<p>O curea pentru chitar\u0103 este un accesoriu esen\u021bial pentru orice chitarist. Aceasta este conceput\u0103 pentru a sus\u021bine greutatea chitarei \u0219i pentru a oferi confort \u00een timpul interpret\u0103rii. Designul acesteia adaug\u0103 un plus de stil \u0219i personalitate.<\/p>\n","protected":false},"featured_media":6501,"comment_status":"open","ping_status":"closed","template":"","meta":{"_seopress_robots_primary_cat":"none","_seopress_titles_title":"","_seopress_titles_desc":"","_seopress_robots_index":""},"product_brand":[],"product_cat":[151],"product_tag":[],"class_list":{"0":"post-1743","1":"product","2":"type-product","3":"status-publish","4":"has-post-thumbnail","6":"product_cat-accesorii-diverse","7":"post-wrapper","8":"thrv_wrapper","10":"first","11":"instock","12":"shipping-taxable","13":"purchasable","14":"product-type-simple"},"_links":{"self":[{"href":"https:\/\/dignita.ro\/ro\/wp-json\/wp\/v2\/product\/1743","targetHints":{"allow":["GET"]}}],"collection":[{"href":"https:\/\/dignita.ro\/ro\/wp-json\/wp\/v2\/product"}],"about":[{"href":"https:\/\/dignita.ro\/ro\/wp-json\/wp\/v2\/types\/product"}],"replies":[{"embeddable":true,"href":"https:\/\/dignita.ro\/ro\/wp-json\/wp\/v2\/comments?post=1743"}],"wp:featuredmedia":[{"embeddable":true,"href":"https:\/\/dignita.ro\/ro\/wp-json\/wp\/v2\/media\/6501"}],"wp:attachment":[{"href":"https:\/\/dignita.ro\/ro\/wp-json\/wp\/v2\/media?parent=1743"}],"wp:term":[{"taxonomy":"product_brand","embeddable":true,"href":"https:\/\/dignita.ro\/ro\/wp-json\/wp\/v2\/product_brand?post=1743"},{"taxonomy":"product_cat","embeddable":true,"href":"https:\/\/dignita.ro\/ro\/wp-json\/wp\/v2\/product_cat?post=1743"},{"taxonomy":"product_tag","embeddable":true,"href":"https:\/\/dignita.ro\/ro\/wp-json\/wp\/v2\/product_tag?post=1743"}],"curies":[{"name":"wp","href":"https:\/\/api.w.org\/{rel}","templated":true}]}}