{"id":1731,"date":"2024-08-09T12:57:03","date_gmt":"2024-08-09T12:57:03","guid":{"rendered":"https:\/\/dignita.ro\/?post_type=product&#038;p=1731"},"modified":"2025-03-25T11:52:11","modified_gmt":"2025-03-25T11:52:11","slug":"ghirlanda-decorativa-pentru-poze","status":"publish","type":"product","link":"https:\/\/dignita.ro\/ro\/produs\/ghirlanda-decorativa-pentru-poze\/","title":{"rendered":"Ghirland\u0103 decorativ\u0103 pentru poze"},"content":{"rendered":"<p>Un mod inedit \u0219i modern de a decora \u00eenc\u0103perea sau o mas\u0103 festiv\u0103. Ghirlanda este prev\u0103zut\u0103 cu 7 cle\u0219ti.<\/p>\n","protected":false},"excerpt":{"rendered":"<p>Un mod inedit \u0219i modern de a decora \u00eenc\u0103perea sau o mas\u0103 festiv\u0103. Ghirlanda este prev\u0103zut\u0103 cu 7 cle\u0219ti.<\/p>\n","protected":false},"featured_media":6495,"comment_status":"open","ping_status":"closed","template":"","meta":{"_seopress_robots_primary_cat":"none","_seopress_titles_title":"","_seopress_titles_desc":"","_seopress_robots_index":""},"product_brand":[],"product_cat":[151],"product_tag":[],"class_list":{"0":"post-1731","1":"product","2":"type-product","3":"status-publish","4":"has-post-thumbnail","6":"product_cat-accesorii-diverse","7":"post-wrapper","8":"thrv_wrapper","10":"first","11":"instock","12":"shipping-taxable","13":"purchasable","14":"product-type-simple"},"_links":{"self":[{"href":"https:\/\/dignita.ro\/ro\/wp-json\/wp\/v2\/product\/1731","targetHints":{"allow":["GET"]}}],"collection":[{"href":"https:\/\/dignita.ro\/ro\/wp-json\/wp\/v2\/product"}],"about":[{"href":"https:\/\/dignita.ro\/ro\/wp-json\/wp\/v2\/types\/product"}],"replies":[{"embeddable":true,"href":"https:\/\/dignita.ro\/ro\/wp-json\/wp\/v2\/comments?post=1731"}],"wp:featuredmedia":[{"embeddable":true,"href":"https:\/\/dignita.ro\/ro\/wp-json\/wp\/v2\/media\/6495"}],"wp:attachment":[{"href":"https:\/\/dignita.ro\/ro\/wp-json\/wp\/v2\/media?parent=1731"}],"wp:term":[{"taxonomy":"product_brand","embeddable":true,"href":"https:\/\/dignita.ro\/ro\/wp-json\/wp\/v2\/product_brand?post=1731"},{"taxonomy":"product_cat","embeddable":true,"href":"https:\/\/dignita.ro\/ro\/wp-json\/wp\/v2\/product_cat?post=1731"},{"taxonomy":"product_tag","embeddable":true,"href":"https:\/\/dignita.ro\/ro\/wp-json\/wp\/v2\/product_tag?post=1731"}],"curies":[{"name":"wp","href":"https:\/\/api.w.org\/{rel}","templated":true}]}}