{"id":1696,"date":"2024-08-09T12:37:25","date_gmt":"2024-08-09T12:37:25","guid":{"rendered":"https:\/\/dignita.ro\/?post_type=product&#038;p=1696"},"modified":"2025-03-25T11:29:02","modified_gmt":"2025-03-25T11:29:02","slug":"pocket-fish","status":"publish","type":"product","link":"https:\/\/dignita.ro\/ro\/produs\/pocket-fish\/","title":{"rendered":"Pocket fish"},"content":{"rendered":"<p>Pe\u0219tele este semnul pe care cre\u0219tinii l-au utilizat de-a lungul istoriei pentru a se identifica. Isus a zis: &#8222;Veni\u021bi dup\u0103 mine \u0219i v\u0103 voi face pescari de oameni&#8221; (Matei 4:19). P\u0103stra\u021bi acest simbol de pe\u0219te pentru a v\u0103 aminti de credin\u021ba voastr\u0103 \u0219i de nevoia de a \u00eemp\u0103rt\u0103\u0219i c\u0103 Isus Hristos, fiul lui Dumnezeu este Salvatorul vostru. Semnul este \u00eenso\u021bit de un card cu verset biblic.<\/p>\n","protected":false},"excerpt":{"rendered":"<p>Pe\u0219tele este semnul pe care cre\u0219tinii l-au utilizat de-a lungul istoriei pentru a se identifica. Isus a zis: &#8222;Veni\u021bi dup\u0103 mine \u0219i v\u0103 voi face pescari de oameni&#8221; (Matei 4:19). P\u0103stra\u021bi acest simbol de pe\u0219te pentru a v\u0103 aminti de credin\u021ba voastr\u0103 \u0219i de nevoia de a \u00eemp\u0103rt\u0103\u0219i c\u0103 Isus Hristos, fiul lui Dumnezeu este Salvatorul vostru. Semnul este \u00eenso\u021bit de un card cu verset biblic.<\/p>\n","protected":false},"featured_media":6481,"comment_status":"open","ping_status":"closed","template":"","meta":{"_seopress_robots_primary_cat":"none","_seopress_titles_title":"","_seopress_titles_desc":"","_seopress_robots_index":""},"product_brand":[],"product_cat":[151],"product_tag":[],"class_list":{"0":"post-1696","1":"product","2":"type-product","3":"status-publish","4":"has-post-thumbnail","6":"product_cat-accesorii-diverse","7":"post-wrapper","8":"thrv_wrapper","10":"first","11":"instock","12":"shipping-taxable","13":"purchasable","14":"product-type-simple"},"_links":{"self":[{"href":"https:\/\/dignita.ro\/ro\/wp-json\/wp\/v2\/product\/1696","targetHints":{"allow":["GET"]}}],"collection":[{"href":"https:\/\/dignita.ro\/ro\/wp-json\/wp\/v2\/product"}],"about":[{"href":"https:\/\/dignita.ro\/ro\/wp-json\/wp\/v2\/types\/product"}],"replies":[{"embeddable":true,"href":"https:\/\/dignita.ro\/ro\/wp-json\/wp\/v2\/comments?post=1696"}],"wp:featuredmedia":[{"embeddable":true,"href":"https:\/\/dignita.ro\/ro\/wp-json\/wp\/v2\/media\/6481"}],"wp:attachment":[{"href":"https:\/\/dignita.ro\/ro\/wp-json\/wp\/v2\/media?parent=1696"}],"wp:term":[{"taxonomy":"product_brand","embeddable":true,"href":"https:\/\/dignita.ro\/ro\/wp-json\/wp\/v2\/product_brand?post=1696"},{"taxonomy":"product_cat","embeddable":true,"href":"https:\/\/dignita.ro\/ro\/wp-json\/wp\/v2\/product_cat?post=1696"},{"taxonomy":"product_tag","embeddable":true,"href":"https:\/\/dignita.ro\/ro\/wp-json\/wp\/v2\/product_tag?post=1696"}],"curies":[{"name":"wp","href":"https:\/\/api.w.org\/{rel}","templated":true}]}}