{"id":1671,"date":"2024-08-09T12:28:41","date_gmt":"2024-08-09T12:28:41","guid":{"rendered":"https:\/\/dignita.ro\/?post_type=product&#038;p=1671"},"modified":"2025-03-25T11:13:35","modified_gmt":"2025-03-25T11:13:35","slug":"snur-pandantiv-pentru-telefon-surf","status":"publish","type":"product","link":"https:\/\/dignita.ro\/ro\/produs\/snur-pandantiv-pentru-telefon-surf\/","title":{"rendered":"\u0218nur pandantiv pentru telefon Surf"},"content":{"rendered":"<p>\u0218nurul pandantiv cu placa de surf este un accesoriu elegant, practic \u0219i grozav pentru telefonul t\u0103u. Pandantivul are un \u0219nur sub\u021bire dar rezistent, pe care \u00eel ata\u0219a\u021bi de husa telefonului, fie \u00een ochiuri special preg\u0103tite \u00een carcas\u0103, fie \u00een orice decupaj.<\/p>\n","protected":false},"excerpt":{"rendered":"<p>\u0218nurul pandantiv cu placa de surf este un accesoriu elegant, practic \u0219i grozav pentru telefonul t\u0103u. Pandantivul are un \u0219nur sub\u021bire dar rezistent, pe care \u00eel ata\u0219a\u021bi de husa telefonului, fie \u00een ochiuri special preg\u0103tite \u00een carcas\u0103, fie \u00een orice decupaj.<\/p>\n","protected":false},"featured_media":6473,"comment_status":"open","ping_status":"closed","template":"","meta":{"_seopress_robots_primary_cat":"none","_seopress_titles_title":"","_seopress_titles_desc":"","_seopress_robots_index":""},"product_brand":[],"product_cat":[151],"product_tag":[],"class_list":{"0":"post-1671","1":"product","2":"type-product","3":"status-publish","4":"has-post-thumbnail","6":"product_cat-accesorii-diverse","7":"post-wrapper","8":"thrv_wrapper","10":"first","11":"instock","12":"shipping-taxable","13":"purchasable","14":"product-type-simple"},"_links":{"self":[{"href":"https:\/\/dignita.ro\/ro\/wp-json\/wp\/v2\/product\/1671","targetHints":{"allow":["GET"]}}],"collection":[{"href":"https:\/\/dignita.ro\/ro\/wp-json\/wp\/v2\/product"}],"about":[{"href":"https:\/\/dignita.ro\/ro\/wp-json\/wp\/v2\/types\/product"}],"replies":[{"embeddable":true,"href":"https:\/\/dignita.ro\/ro\/wp-json\/wp\/v2\/comments?post=1671"}],"wp:featuredmedia":[{"embeddable":true,"href":"https:\/\/dignita.ro\/ro\/wp-json\/wp\/v2\/media\/6473"}],"wp:attachment":[{"href":"https:\/\/dignita.ro\/ro\/wp-json\/wp\/v2\/media?parent=1671"}],"wp:term":[{"taxonomy":"product_brand","embeddable":true,"href":"https:\/\/dignita.ro\/ro\/wp-json\/wp\/v2\/product_brand?post=1671"},{"taxonomy":"product_cat","embeddable":true,"href":"https:\/\/dignita.ro\/ro\/wp-json\/wp\/v2\/product_cat?post=1671"},{"taxonomy":"product_tag","embeddable":true,"href":"https:\/\/dignita.ro\/ro\/wp-json\/wp\/v2\/product_tag?post=1671"}],"curies":[{"name":"wp","href":"https:\/\/api.w.org\/{rel}","templated":true}]}}