{"id":1664,"date":"2024-08-09T12:26:05","date_gmt":"2024-08-09T12:26:05","guid":{"rendered":"https:\/\/dignita.ro\/?post_type=product&#038;p=1664"},"modified":"2025-03-25T11:08:07","modified_gmt":"2025-03-25T11:08:07","slug":"mini-carnetel-cu-breloc-jesus-makes-me-purr-fect","status":"publish","type":"product","link":"https:\/\/dignita.ro\/ro\/produs\/mini-carnetel-cu-breloc-jesus-makes-me-purr-fect\/","title":{"rendered":"Mini carne\u021bel cu breloc Jesus makes me purr-fect"},"content":{"rendered":"<p>Brelocul &#8211; un accesoriu dr\u0103gu\u021b care va fi al\u0103turi de dumneavoastr\u0103 ori de c\u00e2te ori ie\u0219i\u021bi din cas\u0103. Este foarte practic \u0219i ideal pentru noti\u021be rapide. Culoare: galben<\/p>\n","protected":false},"excerpt":{"rendered":"<p>Brelocul &#8211; un accesoriu dr\u0103gu\u021b care va fi al\u0103turi de dumneavoastr\u0103 ori de c\u00e2te ori ie\u0219i\u021bi din cas\u0103. Este foarte practic \u0219i ideal pentru noti\u021be rapide. Culoare: galben<\/p>\n","protected":false},"featured_media":6467,"comment_status":"open","ping_status":"closed","template":"","meta":{"_seopress_robots_primary_cat":"none","_seopress_titles_title":"","_seopress_titles_desc":"","_seopress_robots_index":""},"product_brand":[],"product_cat":[151],"product_tag":[],"class_list":{"0":"post-1664","1":"product","2":"type-product","3":"status-publish","4":"has-post-thumbnail","6":"product_cat-accesorii-diverse","7":"post-wrapper","8":"thrv_wrapper","10":"first","11":"instock","12":"shipping-taxable","13":"purchasable","14":"product-type-simple"},"_links":{"self":[{"href":"https:\/\/dignita.ro\/ro\/wp-json\/wp\/v2\/product\/1664","targetHints":{"allow":["GET"]}}],"collection":[{"href":"https:\/\/dignita.ro\/ro\/wp-json\/wp\/v2\/product"}],"about":[{"href":"https:\/\/dignita.ro\/ro\/wp-json\/wp\/v2\/types\/product"}],"replies":[{"embeddable":true,"href":"https:\/\/dignita.ro\/ro\/wp-json\/wp\/v2\/comments?post=1664"}],"wp:featuredmedia":[{"embeddable":true,"href":"https:\/\/dignita.ro\/ro\/wp-json\/wp\/v2\/media\/6467"}],"wp:attachment":[{"href":"https:\/\/dignita.ro\/ro\/wp-json\/wp\/v2\/media?parent=1664"}],"wp:term":[{"taxonomy":"product_brand","embeddable":true,"href":"https:\/\/dignita.ro\/ro\/wp-json\/wp\/v2\/product_brand?post=1664"},{"taxonomy":"product_cat","embeddable":true,"href":"https:\/\/dignita.ro\/ro\/wp-json\/wp\/v2\/product_cat?post=1664"},{"taxonomy":"product_tag","embeddable":true,"href":"https:\/\/dignita.ro\/ro\/wp-json\/wp\/v2\/product_tag?post=1664"}],"curies":[{"name":"wp","href":"https:\/\/api.w.org\/{rel}","templated":true}]}}