{"id":1573,"date":"2024-08-09T11:45:47","date_gmt":"2024-08-09T11:45:47","guid":{"rendered":"https:\/\/dignita.ro\/?post_type=product&#038;p=1573"},"modified":"2025-03-18T18:06:59","modified_gmt":"2025-03-18T18:06:59","slug":"ecuson-pentru-bagaj-maro","status":"publish","type":"product","link":"https:\/\/dignita.ro\/ro\/produs\/ecuson-pentru-bagaj-maro\/","title":{"rendered":"Ecuson pentru bagaj maro"},"content":{"rendered":"<p>Descoper\u0103 ecusonul pentru bagaj cu versetul biblic din Jeremiah 29:11, &#8211; un accesoriu util ce te va ajuta s\u0103 \u00ee\u021bi recuno\u0219ti foarte u\u0219or geanta, trollerul sau valiza atunci c\u00e2nd c\u0103l\u0103tore\u0219ti.<\/p>\n","protected":false},"excerpt":{"rendered":"<p>Descoper\u0103 ecusonul pentru bagaj cu versetul biblic din Jeremiah 29:11, &#8211; un accesoriu util ce te va ajuta s\u0103 \u00ee\u021bi recuno\u0219ti foarte u\u0219or geanta, trollerul sau valiza atunci c\u00e2nd c\u0103l\u0103tore\u0219ti.<\/p>\n","protected":false},"featured_media":6419,"comment_status":"open","ping_status":"closed","template":"","meta":{"_seopress_robots_primary_cat":"none","_seopress_titles_title":"","_seopress_titles_desc":"","_seopress_robots_index":""},"product_brand":[],"product_cat":[151],"product_tag":[],"class_list":{"0":"post-1573","1":"product","2":"type-product","3":"status-publish","4":"has-post-thumbnail","6":"product_cat-accesorii-diverse","7":"post-wrapper","8":"thrv_wrapper","10":"first","11":"instock","12":"shipping-taxable","13":"purchasable","14":"product-type-simple"},"_links":{"self":[{"href":"https:\/\/dignita.ro\/ro\/wp-json\/wp\/v2\/product\/1573","targetHints":{"allow":["GET"]}}],"collection":[{"href":"https:\/\/dignita.ro\/ro\/wp-json\/wp\/v2\/product"}],"about":[{"href":"https:\/\/dignita.ro\/ro\/wp-json\/wp\/v2\/types\/product"}],"replies":[{"embeddable":true,"href":"https:\/\/dignita.ro\/ro\/wp-json\/wp\/v2\/comments?post=1573"}],"wp:featuredmedia":[{"embeddable":true,"href":"https:\/\/dignita.ro\/ro\/wp-json\/wp\/v2\/media\/6419"}],"wp:attachment":[{"href":"https:\/\/dignita.ro\/ro\/wp-json\/wp\/v2\/media?parent=1573"}],"wp:term":[{"taxonomy":"product_brand","embeddable":true,"href":"https:\/\/dignita.ro\/ro\/wp-json\/wp\/v2\/product_brand?post=1573"},{"taxonomy":"product_cat","embeddable":true,"href":"https:\/\/dignita.ro\/ro\/wp-json\/wp\/v2\/product_cat?post=1573"},{"taxonomy":"product_tag","embeddable":true,"href":"https:\/\/dignita.ro\/ro\/wp-json\/wp\/v2\/product_tag?post=1573"}],"curies":[{"name":"wp","href":"https:\/\/api.w.org\/{rel}","templated":true}]}}