{"id":1532,"date":"2024-08-09T11:25:24","date_gmt":"2024-08-09T11:25:24","guid":{"rendered":"https:\/\/dignita.ro\/?post_type=product&#038;p=1532"},"modified":"2025-03-18T17:46:13","modified_gmt":"2025-03-18T17:46:13","slug":"emblema-auto-jesus","status":"publish","type":"product","link":"https:\/\/dignita.ro\/ro\/produs\/emblema-auto-jesus\/","title":{"rendered":"Emblem\u0103 auto Jesus"},"content":{"rendered":"<p>Emblem\u0103 auto 3D autocolant\u0103. R\u0103sp\u00e2nde\u0219te pizitivitatea oriunde te duci cu acest accesoriu bazat pe credin\u021b\u0103. Este perfect pentru a-\u021bi declara credin\u021ba \u00eentr-un mod elegant. Instruc\u021biuni de utilizare: Scoate\u021bi banda adeviz\u0103 \u0219i aplica\u021bi-o pe o suprafa\u021b\u0103 curat\u0103.<\/p>\n","protected":false},"excerpt":{"rendered":"<p>Emblem\u0103 auto 3D autocolant\u0103. R\u0103sp\u00e2nde\u0219te pizitivitatea oriunde te duci cu acest accesoriu bazat pe credin\u021b\u0103. Este perfect pentru a-\u021bi declara credin\u021ba \u00eentr-un mod elegant. Instruc\u021biuni de utilizare: Scoate\u021bi banda adeviz\u0103 \u0219i aplica\u021bi-o pe o suprafa\u021b\u0103 curat\u0103.<\/p>\n","protected":false},"featured_media":6398,"comment_status":"open","ping_status":"closed","template":"","meta":{"_seopress_robots_primary_cat":"none","_seopress_titles_title":"","_seopress_titles_desc":"","_seopress_robots_index":""},"product_brand":[],"product_cat":[151],"product_tag":[],"class_list":{"0":"post-1532","1":"product","2":"type-product","3":"status-publish","4":"has-post-thumbnail","6":"product_cat-accesorii-diverse","7":"post-wrapper","8":"thrv_wrapper","10":"first","11":"instock","12":"shipping-taxable","13":"purchasable","14":"product-type-simple"},"_links":{"self":[{"href":"https:\/\/dignita.ro\/ro\/wp-json\/wp\/v2\/product\/1532","targetHints":{"allow":["GET"]}}],"collection":[{"href":"https:\/\/dignita.ro\/ro\/wp-json\/wp\/v2\/product"}],"about":[{"href":"https:\/\/dignita.ro\/ro\/wp-json\/wp\/v2\/types\/product"}],"replies":[{"embeddable":true,"href":"https:\/\/dignita.ro\/ro\/wp-json\/wp\/v2\/comments?post=1532"}],"wp:featuredmedia":[{"embeddable":true,"href":"https:\/\/dignita.ro\/ro\/wp-json\/wp\/v2\/media\/6398"}],"wp:attachment":[{"href":"https:\/\/dignita.ro\/ro\/wp-json\/wp\/v2\/media?parent=1532"}],"wp:term":[{"taxonomy":"product_brand","embeddable":true,"href":"https:\/\/dignita.ro\/ro\/wp-json\/wp\/v2\/product_brand?post=1532"},{"taxonomy":"product_cat","embeddable":true,"href":"https:\/\/dignita.ro\/ro\/wp-json\/wp\/v2\/product_cat?post=1532"},{"taxonomy":"product_tag","embeddable":true,"href":"https:\/\/dignita.ro\/ro\/wp-json\/wp\/v2\/product_tag?post=1532"}],"curies":[{"name":"wp","href":"https:\/\/api.w.org\/{rel}","templated":true}]}}