{"id":1425,"date":"2024-08-08T16:39:20","date_gmt":"2024-08-08T16:39:20","guid":{"rendered":"https:\/\/dignita.ro\/?post_type=product&#038;p=1425"},"modified":"2025-03-18T16:18:56","modified_gmt":"2025-03-18T16:18:56","slug":"set-mini-carduri-tip-felicitare-psalm-11827","status":"publish","type":"product","link":"https:\/\/dignita.ro\/ro\/produs\/set-mini-carduri-tip-felicitare-psalm-11827\/","title":{"rendered":"Set mini carduri tip felicitare &#8211; Psalm 118:27"},"content":{"rendered":"<p>Coresponden\u021ba va deveni mult a\u0219teptat\u0103, iar mesajele c\u0103tre cei dragi vor fi mult mai apreciate \u0219i \u00eencurajatoare cu aceste mini carduri care au imprimate o urare, un g\u00e2nd sau un verset biblic. Scopul lor este s\u0103 ofere \u00eemb\u0103rb\u0103tare \u0219i bucurie. Po\u021bi scrie c\u00e2teva cuvinte \u0219i pe spatele acestui card. Setul con\u021bine 15 de buc\u0103\u021bi.<\/p>\n","protected":false},"excerpt":{"rendered":"<p>Coresponden\u021ba va deveni mult a\u0219teptat\u0103, iar mesajele c\u0103tre cei dragi vor fi mult mai apreciate \u0219i \u00eencurajatoare cu aceste mini carduri care au imprimate o urare, un g\u00e2nd sau un verset biblic. Scopul lor este s\u0103 ofere \u00eemb\u0103rb\u0103tare \u0219i bucurie. Po\u021bi scrie c\u00e2teva cuvinte \u0219i pe spatele acestui card. Setul con\u021bine 15 de buc\u0103\u021bi.<\/p>\n","protected":false},"featured_media":6342,"comment_status":"open","ping_status":"closed","template":"","meta":{"_seopress_robots_primary_cat":"none","_seopress_titles_title":"","_seopress_titles_desc":"","_seopress_robots_index":""},"product_brand":[],"product_cat":[139],"product_tag":[],"class_list":{"0":"post-1425","1":"product","2":"type-product","3":"status-publish","4":"has-post-thumbnail","6":"product_cat-carduri-citate-versete-biblice","7":"post-wrapper","8":"thrv_wrapper","10":"first","11":"instock","12":"shipping-taxable","13":"purchasable","14":"product-type-simple"},"_links":{"self":[{"href":"https:\/\/dignita.ro\/ro\/wp-json\/wp\/v2\/product\/1425","targetHints":{"allow":["GET"]}}],"collection":[{"href":"https:\/\/dignita.ro\/ro\/wp-json\/wp\/v2\/product"}],"about":[{"href":"https:\/\/dignita.ro\/ro\/wp-json\/wp\/v2\/types\/product"}],"replies":[{"embeddable":true,"href":"https:\/\/dignita.ro\/ro\/wp-json\/wp\/v2\/comments?post=1425"}],"wp:featuredmedia":[{"embeddable":true,"href":"https:\/\/dignita.ro\/ro\/wp-json\/wp\/v2\/media\/6342"}],"wp:attachment":[{"href":"https:\/\/dignita.ro\/ro\/wp-json\/wp\/v2\/media?parent=1425"}],"wp:term":[{"taxonomy":"product_brand","embeddable":true,"href":"https:\/\/dignita.ro\/ro\/wp-json\/wp\/v2\/product_brand?post=1425"},{"taxonomy":"product_cat","embeddable":true,"href":"https:\/\/dignita.ro\/ro\/wp-json\/wp\/v2\/product_cat?post=1425"},{"taxonomy":"product_tag","embeddable":true,"href":"https:\/\/dignita.ro\/ro\/wp-json\/wp\/v2\/product_tag?post=1425"}],"curies":[{"name":"wp","href":"https:\/\/api.w.org\/{rel}","templated":true}]}}