{"id":1409,"date":"2024-08-08T16:34:02","date_gmt":"2024-08-08T16:34:02","guid":{"rendered":"https:\/\/dignita.ro\/?post_type=product&#038;p=1409"},"modified":"2025-03-18T16:11:52","modified_gmt":"2025-03-18T16:11:52","slug":"set-mini-carduri-godly-wisdom","status":"publish","type":"product","link":"https:\/\/dignita.ro\/ro\/produs\/set-mini-carduri-godly-wisdom\/","title":{"rendered":"Set mini carduri Godly wisdom"},"content":{"rendered":"<p>Coresponden\u021ba va deveni mult a\u0219teptat\u0103, iar mesajele c\u0103tre cei dragi vor fi mult mai apreciate \u0219i \u00eencurajatoare cu aceste mini carduri care au imprimate o urare, un g\u00e2nd sau un verset biblic. Scopul lor este s\u0103 ofere \u00eemb\u0103rb\u0103tare \u0219i bucurie. Setul con\u021bine 20 de buc\u0103\u021bi.<\/p>\n","protected":false},"excerpt":{"rendered":"<p>Coresponden\u021ba va deveni mult a\u0219teptat\u0103, iar mesajele c\u0103tre cei dragi vor fi mult mai apreciate \u0219i \u00eencurajatoare cu aceste mini carduri care au imprimate o urare, un g\u00e2nd sau un verset biblic. Scopul lor este s\u0103 ofere \u00eemb\u0103rb\u0103tare \u0219i bucurie. Setul con\u021bine 20 de buc\u0103\u021bi.<\/p>\n","protected":false},"featured_media":6333,"comment_status":"open","ping_status":"closed","template":"","meta":{"_seopress_robots_primary_cat":"none","_seopress_titles_title":"","_seopress_titles_desc":"","_seopress_robots_index":""},"product_brand":[],"product_cat":[139],"product_tag":[],"class_list":{"0":"post-1409","1":"product","2":"type-product","3":"status-publish","4":"has-post-thumbnail","6":"product_cat-carduri-citate-versete-biblice","7":"post-wrapper","8":"thrv_wrapper","10":"first","11":"instock","12":"shipping-taxable","13":"purchasable","14":"product-type-simple"},"_links":{"self":[{"href":"https:\/\/dignita.ro\/ro\/wp-json\/wp\/v2\/product\/1409","targetHints":{"allow":["GET"]}}],"collection":[{"href":"https:\/\/dignita.ro\/ro\/wp-json\/wp\/v2\/product"}],"about":[{"href":"https:\/\/dignita.ro\/ro\/wp-json\/wp\/v2\/types\/product"}],"replies":[{"embeddable":true,"href":"https:\/\/dignita.ro\/ro\/wp-json\/wp\/v2\/comments?post=1409"}],"wp:featuredmedia":[{"embeddable":true,"href":"https:\/\/dignita.ro\/ro\/wp-json\/wp\/v2\/media\/6333"}],"wp:attachment":[{"href":"https:\/\/dignita.ro\/ro\/wp-json\/wp\/v2\/media?parent=1409"}],"wp:term":[{"taxonomy":"product_brand","embeddable":true,"href":"https:\/\/dignita.ro\/ro\/wp-json\/wp\/v2\/product_brand?post=1409"},{"taxonomy":"product_cat","embeddable":true,"href":"https:\/\/dignita.ro\/ro\/wp-json\/wp\/v2\/product_cat?post=1409"},{"taxonomy":"product_tag","embeddable":true,"href":"https:\/\/dignita.ro\/ro\/wp-json\/wp\/v2\/product_tag?post=1409"}],"curies":[{"name":"wp","href":"https:\/\/api.w.org\/{rel}","templated":true}]}}