{"id":1244,"date":"2024-08-08T15:13:18","date_gmt":"2024-08-08T15:13:18","guid":{"rendered":"https:\/\/dignita.ro\/?post_type=product&#038;p=1244"},"modified":"2025-03-18T17:19:43","modified_gmt":"2025-03-18T17:19:43","slug":"set-semne-de-carte-psalm-23","status":"publish","type":"product","link":"https:\/\/dignita.ro\/ro\/produs\/set-semne-de-carte-psalm-23\/","title":{"rendered":"Set semne de carte Psalm 23"},"content":{"rendered":"<p>Bucur\u0103-te, din nou, de lectur\u0103. Semnul de carte este accesoriul perfect pentru iubitorii de c\u0103r\u021bi. Las\u0103-te purtat de paginile c\u0103r\u021bilor tale preferate \u0219i aminte\u0219te-\u021bi de locul de unde ai plecat, cu semnul nostru de carte. Acest semn reflect\u0103 pasiunea \u0219i dragostea noastr\u0103 pentru lectur\u0103. Setul con\u021bine 10 buc\u0103\u021bi.<\/p>\n","protected":false},"excerpt":{"rendered":"<p>Bucur\u0103-te, din nou, de lectur\u0103. Semnul de carte este accesoriul perfect pentru iubitorii de c\u0103r\u021bi. Las\u0103-te purtat de paginile c\u0103r\u021bilor tale preferate \u0219i aminte\u0219te-\u021bi de locul de unde ai plecat, cu semnul nostru de carte. Acest semn reflect\u0103 pasiunea \u0219i dragostea noastr\u0103 pentru lectur\u0103. Setul con\u021bine 10 buc\u0103\u021bi.<\/p>\n","protected":false},"featured_media":6377,"comment_status":"open","ping_status":"closed","template":"","meta":{"_seopress_robots_primary_cat":"none","_seopress_titles_title":"","_seopress_titles_desc":"","_seopress_robots_index":""},"product_brand":[],"product_cat":[131],"product_tag":[],"class_list":{"0":"post-1244","1":"product","2":"type-product","3":"status-publish","4":"has-post-thumbnail","6":"product_cat-accesorii-pentru-carti-si-cititori","7":"post-wrapper","8":"thrv_wrapper","10":"first","11":"instock","12":"shipping-taxable","13":"purchasable","14":"product-type-simple"},"_links":{"self":[{"href":"https:\/\/dignita.ro\/ro\/wp-json\/wp\/v2\/product\/1244","targetHints":{"allow":["GET"]}}],"collection":[{"href":"https:\/\/dignita.ro\/ro\/wp-json\/wp\/v2\/product"}],"about":[{"href":"https:\/\/dignita.ro\/ro\/wp-json\/wp\/v2\/types\/product"}],"replies":[{"embeddable":true,"href":"https:\/\/dignita.ro\/ro\/wp-json\/wp\/v2\/comments?post=1244"}],"wp:featuredmedia":[{"embeddable":true,"href":"https:\/\/dignita.ro\/ro\/wp-json\/wp\/v2\/media\/6377"}],"wp:attachment":[{"href":"https:\/\/dignita.ro\/ro\/wp-json\/wp\/v2\/media?parent=1244"}],"wp:term":[{"taxonomy":"product_brand","embeddable":true,"href":"https:\/\/dignita.ro\/ro\/wp-json\/wp\/v2\/product_brand?post=1244"},{"taxonomy":"product_cat","embeddable":true,"href":"https:\/\/dignita.ro\/ro\/wp-json\/wp\/v2\/product_cat?post=1244"},{"taxonomy":"product_tag","embeddable":true,"href":"https:\/\/dignita.ro\/ro\/wp-json\/wp\/v2\/product_tag?post=1244"}],"curies":[{"name":"wp","href":"https:\/\/api.w.org\/{rel}","templated":true}]}}