{"id":1181,"date":"2024-08-07T13:35:44","date_gmt":"2024-08-07T13:35:44","guid":{"rendered":"https:\/\/dignita.ro\/?post_type=product&#038;p=1181"},"modified":"2025-02-14T14:23:09","modified_gmt":"2025-02-14T14:23:09","slug":"calendarul-did-you-know-366-days-of-bible-trivia","status":"publish","type":"product","link":"https:\/\/dignita.ro\/ro\/produs\/calendarul-did-you-know-366-days-of-bible-trivia\/","title":{"rendered":"Calendarul &#8211; Did you know? 366 days of Bible trivia"},"content":{"rendered":"<p>Acest calendar cuprinde 365 de \u00eentreb\u0103ri din Biblie. \u00centr-un mod practic \u0219i juc\u0103u\u0219, vei dob\u00e2ndi multe cuno\u0219tin\u021be biblice \u0219i \u00ee\u021bi vei dezvolta cultura general\u0103.<\/p>\n","protected":false},"excerpt":{"rendered":"<p>Acest calendar cuprinde 365 de \u00eentreb\u0103ri din Biblie. \u00centr-un mod practic \u0219i juc\u0103u\u0219, vei dob\u00e2ndi multe cuno\u0219tin\u021be biblice \u0219i \u00ee\u021bi vei dezvolta cultura general\u0103.<\/p>\n","protected":false},"featured_media":6063,"comment_status":"open","ping_status":"closed","template":"","meta":{"_seopress_robots_primary_cat":"none","_seopress_titles_title":"","_seopress_titles_desc":"","_seopress_robots_index":""},"product_brand":[],"product_cat":[128],"product_tag":[],"class_list":{"0":"post-1181","1":"product","2":"type-product","3":"status-publish","4":"has-post-thumbnail","6":"product_cat-cadouri","7":"post-wrapper","8":"thrv_wrapper","10":"first","11":"instock","12":"shipping-taxable","13":"purchasable","14":"product-type-simple"},"_links":{"self":[{"href":"https:\/\/dignita.ro\/ro\/wp-json\/wp\/v2\/product\/1181","targetHints":{"allow":["GET"]}}],"collection":[{"href":"https:\/\/dignita.ro\/ro\/wp-json\/wp\/v2\/product"}],"about":[{"href":"https:\/\/dignita.ro\/ro\/wp-json\/wp\/v2\/types\/product"}],"replies":[{"embeddable":true,"href":"https:\/\/dignita.ro\/ro\/wp-json\/wp\/v2\/comments?post=1181"}],"wp:featuredmedia":[{"embeddable":true,"href":"https:\/\/dignita.ro\/ro\/wp-json\/wp\/v2\/media\/6063"}],"wp:attachment":[{"href":"https:\/\/dignita.ro\/ro\/wp-json\/wp\/v2\/media?parent=1181"}],"wp:term":[{"taxonomy":"product_brand","embeddable":true,"href":"https:\/\/dignita.ro\/ro\/wp-json\/wp\/v2\/product_brand?post=1181"},{"taxonomy":"product_cat","embeddable":true,"href":"https:\/\/dignita.ro\/ro\/wp-json\/wp\/v2\/product_cat?post=1181"},{"taxonomy":"product_tag","embeddable":true,"href":"https:\/\/dignita.ro\/ro\/wp-json\/wp\/v2\/product_tag?post=1181"}],"curies":[{"name":"wp","href":"https:\/\/api.w.org\/{rel}","templated":true}]}}