{"id":1174,"date":"2024-08-07T13:33:51","date_gmt":"2024-08-07T13:33:51","guid":{"rendered":"https:\/\/dignita.ro\/?post_type=product&#038;p=1174"},"modified":"2025-02-14T14:25:03","modified_gmt":"2025-02-14T14:25:03","slug":"calendarul-the-best-yes","status":"publish","type":"product","link":"https:\/\/dignita.ro\/ro\/produs\/calendarul-the-best-yes\/","title":{"rendered":"Calendarul &#8222;The best yes&#8221;"},"content":{"rendered":"<p>Acest calendar cuprinde 365 de citate \u00een\u021belepte, versete biblice, versuri pentru fiecare zi a anului. \u00cemp\u0103rt\u0103\u0219e\u0219te acest cadou cu cineva drag.<\/p>\n","protected":false},"excerpt":{"rendered":"<p>Acest calendar cuprinde 365 de citate \u00een\u021belepte, versete biblice, versuri pentru fiecare zi a anului. \u00cemp\u0103rt\u0103\u0219e\u0219te acest cadou cu cineva drag.<\/p>\n","protected":false},"featured_media":6067,"comment_status":"open","ping_status":"closed","template":"","meta":{"_seopress_robots_primary_cat":"none","_seopress_titles_title":"","_seopress_titles_desc":"","_seopress_robots_index":""},"product_brand":[],"product_cat":[128],"product_tag":[],"class_list":{"0":"post-1174","1":"product","2":"type-product","3":"status-publish","4":"has-post-thumbnail","6":"product_cat-cadouri","7":"post-wrapper","8":"thrv_wrapper","10":"first","11":"instock","12":"shipping-taxable","13":"purchasable","14":"product-type-simple"},"_links":{"self":[{"href":"https:\/\/dignita.ro\/ro\/wp-json\/wp\/v2\/product\/1174","targetHints":{"allow":["GET"]}}],"collection":[{"href":"https:\/\/dignita.ro\/ro\/wp-json\/wp\/v2\/product"}],"about":[{"href":"https:\/\/dignita.ro\/ro\/wp-json\/wp\/v2\/types\/product"}],"replies":[{"embeddable":true,"href":"https:\/\/dignita.ro\/ro\/wp-json\/wp\/v2\/comments?post=1174"}],"wp:featuredmedia":[{"embeddable":true,"href":"https:\/\/dignita.ro\/ro\/wp-json\/wp\/v2\/media\/6067"}],"wp:attachment":[{"href":"https:\/\/dignita.ro\/ro\/wp-json\/wp\/v2\/media?parent=1174"}],"wp:term":[{"taxonomy":"product_brand","embeddable":true,"href":"https:\/\/dignita.ro\/ro\/wp-json\/wp\/v2\/product_brand?post=1174"},{"taxonomy":"product_cat","embeddable":true,"href":"https:\/\/dignita.ro\/ro\/wp-json\/wp\/v2\/product_cat?post=1174"},{"taxonomy":"product_tag","embeddable":true,"href":"https:\/\/dignita.ro\/ro\/wp-json\/wp\/v2\/product_tag?post=1174"}],"curies":[{"name":"wp","href":"https:\/\/api.w.org\/{rel}","templated":true}]}}